{"id":7964,"date":"2022-07-23T19:14:16","date_gmt":"2022-07-23T19:14:16","guid":{"rendered":"https:\/\/xcutpatterns.com\/?page_id=7964"},"modified":"2022-07-28T16:51:53","modified_gmt":"2022-07-28T16:51:53","slug":"como-funciona","status":"publish","type":"page","link":"https:\/\/xcutpatterns.com\/pt\/como-funciona\/","title":{"rendered":"como \u00e9 que funciona?"},"content":{"rendered":"<div data-elementor-type=\"wp-page\" data-elementor-id=\"7964\" class=\"elementor elementor-7964\" data-elementor-post-type=\"page\">\n\t\t\t\t\t\t<section class=\"elementor-section elementor-top-section elementor-element elementor-element-d80921e elementor-section-boxed elementor-section-height-default elementor-section-height-default\" data-id=\"d80921e\" data-element_type=\"section\" data-e-type=\"section\">\n\t\t\t\t\t\t<div class=\"elementor-container elementor-column-gap-default\">\n\t\t\t\t\t<div class=\"elementor-column elementor-col-100 elementor-top-column elementor-element elementor-element-ee96aca\" data-id=\"ee96aca\" data-element_type=\"column\" data-e-type=\"column\" data-settings=\"{&quot;background_background&quot;:&quot;classic&quot;}\">\n\t\t\t<div class=\"elementor-widget-wrap elementor-element-populated\">\n\t\t\t\t\t\t<section class=\"elementor-section elementor-inner-section elementor-element elementor-element-62add36 elementor-section-boxed elementor-section-height-default elementor-section-height-default\" data-id=\"62add36\" data-element_type=\"section\" data-e-type=\"section\">\n\t\t\t\t\t\t<div class=\"elementor-container elementor-column-gap-default\">\n\t\t\t\t\t<div class=\"elementor-column elementor-col-33 elementor-inner-column elementor-element elementor-element-a7442d9 elementor-hidden-mobile\" data-id=\"a7442d9\" data-element_type=\"column\" data-e-type=\"column\">\n\t\t\t<div class=\"elementor-widget-wrap\">\n\t\t\t\t\t\t\t<\/div>\n\t\t<\/div>\n\t\t\t\t<div class=\"elementor-column elementor-col-33 elementor-inner-column elementor-element elementor-element-ac2416d\" data-id=\"ac2416d\" data-element_type=\"column\" data-e-type=\"column\" data-settings=\"{&quot;background_background&quot;:&quot;classic&quot;}\">\n\t\t\t<div class=\"elementor-widget-wrap elementor-element-populated\">\n\t\t\t\t\t\t<div class=\"elementor-element elementor-element-1b649cc elementor-widget elementor-widget-ova_heading\" data-id=\"1b649cc\" data-element_type=\"widget\" data-e-type=\"widget\" data-widget_type=\"ova_heading.default\">\n\t\t\t\t<div class=\"elementor-widget-container\">\n\t\t\t\t\t\t\t<div class=\"ova-heading\">\n\n\t\t\t\t\t\t\t<h4 class=\"sub_title second_font\">Como \u00e9 que funciona?<\/h4>\n\t\t\t\t\t\t\n\t\t\t\n\t\t\t\n\t\t<\/div>\n\t\t\t\t\t\t<\/div>\n\t\t\t\t<\/div>\n\t\t\t\t<div class=\"elementor-element elementor-element-e9991ee elementor-widget elementor-widget-text-editor\" data-id=\"e9991ee\" data-element_type=\"widget\" data-e-type=\"widget\" data-widget_type=\"text-editor.default\">\n\t\t\t\t<div class=\"elementor-widget-container\">\n\t\t\t\t\t\t\t\t\t<p><img fetchpriority=\"high\" decoding=\"async\" class=\"wp-image-9429  alignright\" src=\"https:\/\/xcutpatterns.com\/wp-content\/uploads\/2020\/11\/Artboard-1-copy-1-300x300.png\" alt=\"\" width=\"262\" height=\"262\" \/>Ao contr\u00e1rio do software de corte, vendemos padr\u00f5es PPF pr\u00e9-cortados em ficheiros digitais como Ai, Cdr, Eps, Plt, Etc.<br \/>Desta forma, poder\u00e1 guardar o padr\u00e3o para toda a vida em qualquer modelo de plotter de corte e poder\u00e1 utiliz\u00e1-lo em qualquer altura e sem necessidade de recorrer \u00e0 Internet, podendo tamb\u00e9m fazer ajustes facilmente<\/p><p>Siga estes passos para comprar um modelo de pr\u00e9-corte PPF espec\u00edfico:<\/p><p>-Contacte-nos sobre os modelos que pretende encomendar e o tipo de embalagem<\/p><p>1- Pacote frontal parcial<br \/>2- Pacote frontal completo<br \/>3- Pacote exterior completo<br \/>4- Pacote de vidros fumados<br \/>5- Pacote interior<\/p><p>- informe-nos do modelo da sua plotter de corte e se utiliza algum software de corte como Adobe Illustrator, CorelDRAW, SignMaster, software de pr\u00e9-corte<br \/>-Por favor, partilhar a marca, o ano, o modelo, o sub-modelo e a fotografia do autom\u00f3vel<br \/>-Responderemos com o custo do estilo e os m\u00e9todos de pagamento dispon\u00edveis<br \/>-Receber\u00e1 o ficheiro no prazo de 24 horas ap\u00f3s o pagamento<\/p>\t\t\t\t\t\t\t\t<\/div>\n\t\t\t\t<\/div>\n\t\t\t\t\t<\/div>\n\t\t<\/div>\n\t\t\t\t<div class=\"elementor-column elementor-col-33 elementor-inner-column elementor-element elementor-element-7b34f8e elementor-hidden-mobile\" data-id=\"7b34f8e\" data-element_type=\"column\" data-e-type=\"column\">\n\t\t\t<div class=\"elementor-widget-wrap\">\n\t\t\t\t\t\t\t<\/div>\n\t\t<\/div>\n\t\t\t\t\t<\/div>\n\t\t<\/section>\n\t\t\t\t\t<\/div>\n\t\t<\/div>\n\t\t\t\t\t<\/div>\n\t\t<\/section>\n\t\t\t\t<\/div>","protected":false},"excerpt":{"rendered":"<p>How its Work ? Unlike cutting sofware we sell pre cut PPF patterns in Digital file in such as Ai , Cdr, Eps ,Plt,Etc..In this way, you will be able to keep the pattern for life in any cutting plotter model and you can use it at any time and without the need for the [&hellip;]<\/p>\n","protected":false},"author":1,"featured_media":0,"parent":0,"menu_order":0,"comment_status":"closed","ping_status":"closed","template":"","meta":{"om_disable_all_campaigns":false,"_monsterinsights_skip_tracking":false,"_monsterinsights_sitenote_active":false,"_monsterinsights_sitenote_note":"","_monsterinsights_sitenote_category":0,"footnotes":""},"class_list":["post-7964","page","type-page","status-publish","hentry"],"aioseo_notices":[],"aioseo_head":"\n\t\t<!-- All in One SEO Pro 4.9.6.1 - aioseo.com -->\n\t<meta name=\"description\" content=\"How its Work ? Unlike cutting sofware we sell pre cut PPF patterns in Digital file in such as Ai , Cdr, Eps ,Plt,Etc..In this way, you will be able to keep the pattern for life in any cutting plotter model and you can use it at any time and without the need for the\" \/>\n\t<meta name=\"robots\" content=\"max-image-preview:large\" \/>\n\t<link rel=\"canonical\" href=\"https:\/\/xcutpatterns.com\/pt\/como-funciona\/\" \/>\n\t<meta name=\"generator\" content=\"All in One SEO Pro (AIOSEO) 4.9.6.1\" \/>\n\t\t<meta property=\"og:locale\" content=\"pt_PT\" \/>\n\t\t<meta property=\"og:site_name\" content=\"XCUT paint protection film precut patterns files - PPF pre-cut Patterns\" \/>\n\t\t<meta property=\"og:type\" content=\"article\" \/>\n\t\t<meta property=\"og:title\" content=\"how its work ? - XCUT paint protection film precut patterns files\" \/>\n\t\t<meta property=\"og:description\" content=\"How its Work ? Unlike cutting sofware we sell pre cut PPF patterns in Digital file in such as Ai , Cdr, Eps ,Plt,Etc..In this way, you will be able to keep the pattern for life in any cutting plotter model and you can use it at any time and without the need for the\" \/>\n\t\t<meta property=\"og:url\" content=\"https:\/\/xcutpatterns.com\/pt\/como-funciona\/\" \/>\n\t\t<meta property=\"article:published_time\" content=\"2022-07-23T19:14:16+00:00\" \/>\n\t\t<meta property=\"article:modified_time\" content=\"2022-07-28T16:51:53+00:00\" \/>\n\t\t<meta name=\"twitter:card\" content=\"summary_large_image\" \/>\n\t\t<meta name=\"twitter:title\" content=\"how its work ? - XCUT paint protection film precut patterns files\" \/>\n\t\t<meta name=\"twitter:description\" content=\"How its Work ? Unlike cutting sofware we sell pre cut PPF patterns in Digital file in such as Ai , Cdr, Eps ,Plt,Etc..In this way, you will be able to keep the pattern for life in any cutting plotter model and you can use it at any time and without the need for the\" \/>\n\t\t<script type=\"application\/ld+json\" class=\"aioseo-schema\">\n\t\t\t{\"@context\":\"https:\\\/\\\/schema.org\",\"@graph\":[{\"@type\":\"BreadcrumbList\",\"@id\":\"https:\\\/\\\/xcutpatterns.com\\\/pt\\\/como-funciona\\\/#breadcrumblist\",\"itemListElement\":[{\"@type\":\"ListItem\",\"@id\":\"https:\\\/\\\/xcutpatterns.com\\\/pt#listItem\",\"position\":1,\"name\":\"Home\",\"item\":\"https:\\\/\\\/xcutpatterns.com\\\/pt\",\"nextItem\":{\"@type\":\"ListItem\",\"@id\":\"https:\\\/\\\/xcutpatterns.com\\\/pt\\\/como-funciona\\\/#listItem\",\"name\":\"how its work ?\"}},{\"@type\":\"ListItem\",\"@id\":\"https:\\\/\\\/xcutpatterns.com\\\/pt\\\/como-funciona\\\/#listItem\",\"position\":2,\"name\":\"how its work ?\",\"previousItem\":{\"@type\":\"ListItem\",\"@id\":\"https:\\\/\\\/xcutpatterns.com\\\/pt#listItem\",\"name\":\"Home\"}}]},{\"@type\":\"Organization\",\"@id\":\"https:\\\/\\\/xcutpatterns.com\\\/pt\\\/#organization\",\"name\":\"XCUT paint protection film precut patterns files\",\"description\":\"PPF pre-cut Patterns\",\"url\":\"https:\\\/\\\/xcutpatterns.com\\\/pt\\\/\"},{\"@type\":\"WebPage\",\"@id\":\"https:\\\/\\\/xcutpatterns.com\\\/pt\\\/como-funciona\\\/#webpage\",\"url\":\"https:\\\/\\\/xcutpatterns.com\\\/pt\\\/como-funciona\\\/\",\"name\":\"how its work ? - XCUT paint protection film precut patterns files\",\"description\":\"How its Work ? Unlike cutting sofware we sell pre cut PPF patterns in Digital file in such as Ai , Cdr, Eps ,Plt,Etc..In this way, you will be able to keep the pattern for life in any cutting plotter model and you can use it at any time and without the need for the\",\"inLanguage\":\"pt-PT\",\"isPartOf\":{\"@id\":\"https:\\\/\\\/xcutpatterns.com\\\/pt\\\/#website\"},\"breadcrumb\":{\"@id\":\"https:\\\/\\\/xcutpatterns.com\\\/pt\\\/como-funciona\\\/#breadcrumblist\"},\"datePublished\":\"2022-07-23T19:14:16+00:00\",\"dateModified\":\"2022-07-28T16:51:53+00:00\"},{\"@type\":\"WebSite\",\"@id\":\"https:\\\/\\\/xcutpatterns.com\\\/pt\\\/#website\",\"url\":\"https:\\\/\\\/xcutpatterns.com\\\/pt\\\/\",\"name\":\"XCUT paint protection film precut patterns files\",\"description\":\"PPF pre-cut Patterns\",\"inLanguage\":\"pt-PT\",\"publisher\":{\"@id\":\"https:\\\/\\\/xcutpatterns.com\\\/pt\\\/#organization\"}}]}\n\t\t<\/script>\n\t\t<!-- All in One SEO Pro -->\r\n\t\t<title>how its work ? - XCUT paint protection film precut patterns files<\/title>\n\n","aioseo_head_json":{"title":"como funciona? - Ficheiros de padr\u00f5es pr\u00e9-cortados da pel\u00edcula de prote\u00e7\u00e3o de pintura XCUT","description":"Como \u00e9 que funciona? Ao contr\u00e1rio do software de corte, vendemos padr\u00f5es PPF pr\u00e9-cortados em ficheiro digital, como Ai, Cdr, Eps, Plt, Etc. Desta forma, poder\u00e1 manter o padr\u00e3o para toda a vida em qualquer modelo de plotter de corte e pode us\u00e1-lo a qualquer momento e sem a necessidade de","canonical_url":"https:\/\/xcutpatterns.com\/pt\/como-funciona\/","robots":"max-image-preview:large","keywords":"","webmasterTools":{"miscellaneous":""},"schema":{"@context":"https:\/\/schema.org","@graph":[{"@type":"BreadcrumbList","@id":"https:\/\/xcutpatterns.com\/pt\/como-funciona\/#breadcrumblist","itemListElement":[{"@type":"ListItem","@id":"https:\/\/xcutpatterns.com\/pt#listItem","position":1,"name":"Home","item":"https:\/\/xcutpatterns.com\/pt","nextItem":{"@type":"ListItem","@id":"https:\/\/xcutpatterns.com\/pt\/como-funciona\/#listItem","name":"how its work ?"}},{"@type":"ListItem","@id":"https:\/\/xcutpatterns.com\/pt\/como-funciona\/#listItem","position":2,"name":"how its work ?","previousItem":{"@type":"ListItem","@id":"https:\/\/xcutpatterns.com\/pt#listItem","name":"Home"}}]},{"@type":"Organization","@id":"https:\/\/xcutpatterns.com\/pt\/#organization","name":"XCUT paint protection film precut patterns files","description":"PPF pre-cut Patterns","url":"https:\/\/xcutpatterns.com\/pt\/"},{"@type":"WebPage","@id":"https:\/\/xcutpatterns.com\/pt\/como-funciona\/#webpage","url":"https:\/\/xcutpatterns.com\/pt\/como-funciona\/","name":"how its work ? - XCUT paint protection film precut patterns files","description":"How its Work ? Unlike cutting sofware we sell pre cut PPF patterns in Digital file in such as Ai , Cdr, Eps ,Plt,Etc..In this way, you will be able to keep the pattern for life in any cutting plotter model and you can use it at any time and without the need for the","inLanguage":"pt-PT","isPartOf":{"@id":"https:\/\/xcutpatterns.com\/pt\/#website"},"breadcrumb":{"@id":"https:\/\/xcutpatterns.com\/pt\/como-funciona\/#breadcrumblist"},"datePublished":"2022-07-23T19:14:16+00:00","dateModified":"2022-07-28T16:51:53+00:00"},{"@type":"WebSite","@id":"https:\/\/xcutpatterns.com\/pt\/#website","url":"https:\/\/xcutpatterns.com\/pt\/","name":"XCUT paint protection film precut patterns files","description":"PPF pre-cut Patterns","inLanguage":"pt-PT","publisher":{"@id":"https:\/\/xcutpatterns.com\/pt\/#organization"}}]},"og:locale":"pt_PT","og:site_name":"XCUT paint protection film precut patterns files - PPF pre-cut Patterns","og:type":"article","og:title":"how its work ? - XCUT paint protection film precut patterns files","og:description":"How its Work ? Unlike cutting sofware we sell pre cut PPF patterns in Digital file in such as Ai , Cdr, Eps ,Plt,Etc..In this way, you will be able to keep the pattern for life in any cutting plotter model and you can use it at any time and without the need for the","og:url":"https:\/\/xcutpatterns.com\/pt\/como-funciona\/","article:published_time":"2022-07-23T19:14:16+00:00","article:modified_time":"2022-07-28T16:51:53+00:00","twitter:card":"summary_large_image","twitter:title":"how its work ? - XCUT paint protection film precut patterns files","twitter:description":"How its Work ? Unlike cutting sofware we sell pre cut PPF patterns in Digital file in such as Ai , Cdr, Eps ,Plt,Etc..In this way, you will be able to keep the pattern for life in any cutting plotter model and you can use it at any time and without the need for the"},"aioseo_meta_data":{"post_id":"7964","title":null,"description":null,"keywords":null,"keyphrases":null,"primary_term":null,"canonical_url":null,"og_title":null,"og_description":null,"og_object_type":"default","og_image_type":"default","og_image_url":null,"og_image_width":null,"og_image_height":null,"og_image_custom_url":null,"og_image_custom_fields":null,"og_video":null,"og_custom_url":null,"og_article_section":null,"og_article_tags":null,"twitter_use_og":true,"twitter_card":"default","twitter_image_type":"default","twitter_image_url":null,"twitter_image_custom_url":null,"twitter_image_custom_fields":null,"twitter_title":null,"twitter_description":null,"schema":{"blockGraphs":[],"customGraphs":[],"default":{"data":{"Article":[],"Course":[],"Dataset":[],"FAQPage":[],"Movie":[],"Person":[],"Product":[],"ProductReview":[],"Car":[],"Recipe":[],"Service":[],"SoftwareApplication":[],"WebPage":[]},"graphName":"","isEnabled":true},"graphs":[]},"schema_type":"default","schema_type_options":null,"pillar_content":false,"robots_default":true,"robots_noindex":false,"robots_noarchive":false,"robots_nosnippet":false,"robots_nofollow":false,"robots_noimageindex":false,"robots_noodp":false,"robots_notranslate":false,"robots_max_snippet":null,"robots_max_videopreview":null,"robots_max_imagepreview":"large","priority":null,"frequency":null,"local_seo":null,"seo_analyzer_scan_date":"2025-08-14 22:07:18","breadcrumb_settings":null,"limit_modified_date":false,"reviewed_by":null,"open_ai":null,"ai":null,"created":"2025-08-14 22:07:18","updated":"2025-11-27 07:54:09"},"aioseo_breadcrumb":"<div class=\"aioseo-breadcrumbs\"><span class=\"aioseo-breadcrumb\">\n\t<a href=\"https:\/\/xcutpatterns.com\/pt\" title=\"Home\">Home<\/a>\n<\/span><span class=\"aioseo-breadcrumb-separator\">&raquo;<\/span><span class=\"aioseo-breadcrumb\">\n\thow its work ?\n<\/span><\/div>","aioseo_breadcrumb_json":[{"label":"Home","link":"https:\/\/xcutpatterns.com\/pt"},{"label":"how its work ?","link":"https:\/\/xcutpatterns.com\/pt\/como-funciona\/"}],"_links":{"self":[{"href":"https:\/\/xcutpatterns.com\/pt\/wp-json\/wp\/v2\/pages\/7964","targetHints":{"allow":["GET"]}}],"collection":[{"href":"https:\/\/xcutpatterns.com\/pt\/wp-json\/wp\/v2\/pages"}],"about":[{"href":"https:\/\/xcutpatterns.com\/pt\/wp-json\/wp\/v2\/types\/page"}],"author":[{"embeddable":true,"href":"https:\/\/xcutpatterns.com\/pt\/wp-json\/wp\/v2\/users\/1"}],"replies":[{"embeddable":true,"href":"https:\/\/xcutpatterns.com\/pt\/wp-json\/wp\/v2\/comments?post=7964"}],"version-history":[{"count":0,"href":"https:\/\/xcutpatterns.com\/pt\/wp-json\/wp\/v2\/pages\/7964\/revisions"}],"wp:attachment":[{"href":"https:\/\/xcutpatterns.com\/pt\/wp-json\/wp\/v2\/media?parent=7964"}],"curies":[{"name":"wp","href":"https:\/\/api.w.org\/{rel}","templated":true}]}}