{"id":8582,"date":"2022-07-24T19:44:11","date_gmt":"2022-07-24T19:44:11","guid":{"rendered":"https:\/\/xcutpatterns.com\/?page_id=8582"},"modified":"2022-08-01T08:12:03","modified_gmt":"2022-08-01T08:12:03","slug":"page-de-commande","status":"publish","type":"page","link":"https:\/\/xcutpatterns.com\/fr\/page-de-commande\/","title":{"rendered":"page de commande"},"content":{"rendered":"<div data-elementor-type=\"wp-page\" data-elementor-id=\"8582\" class=\"elementor elementor-8582\" data-elementor-post-type=\"page\">\n\t\t\t\t\t\t<section class=\"elementor-section elementor-top-section elementor-element elementor-element-61d1e3f elementor-section-full_width elementor-section-height-default elementor-section-height-default\" data-id=\"61d1e3f\" data-element_type=\"section\" data-e-type=\"section\">\n\t\t\t\t\t\t<div class=\"elementor-container elementor-column-gap-no\">\n\t\t\t\t\t<div class=\"elementor-column elementor-col-50 elementor-top-column elementor-element elementor-element-70afb1d\" data-id=\"70afb1d\" data-element_type=\"column\" data-e-type=\"column\" data-settings=\"{&quot;background_background&quot;:&quot;classic&quot;}\">\n\t\t\t<div class=\"elementor-widget-wrap elementor-element-populated\">\n\t\t\t\t\t\t<div class=\"elementor-element elementor-element-38ba54e elementor-widget elementor-widget-ova_heading\" data-id=\"38ba54e\" data-element_type=\"widget\" data-e-type=\"widget\" data-widget_type=\"ova_heading.default\">\n\t\t\t\t<div class=\"elementor-widget-container\">\n\t\t\t\t\t\t\t<div class=\"ova-heading\">\n\n\t\t\t\t\t\t\t<h4 class=\"sub_title second_font\">Commander le fichier PPF Pattern maintenant<\/h4>\n\t\t\t\t\t\t\n\t\t\t\t\t\t\t<h3 class=\"title second_font\">Veuillez remplir le formulaire ci-dessous afin que nous puissions vous contacter et ex\u00e9cuter la commande que vous souhaitez.\nPour une r\u00e9ponse rapide, vous pouvez nous contacter via WhatsApp<\/h3>\n\t\t\t\n\t\t\t\n\t\t<\/div>\n\t\t\t\t\t\t<\/div>\n\t\t\t\t<\/div>\n\t\t\t\t<div class=\"elementor-element elementor-element-665cdfa elementor-cta--layout-image-right elementor-cta--tablet-layout-image-above elementor-cta--mobile-layout-image-above elementor-cta--skin-classic elementor-animated-content elementor-bg-transform elementor-bg-transform-zoom-in elementor-widget elementor-widget-call-to-action\" data-id=\"665cdfa\" data-element_type=\"widget\" data-e-type=\"widget\" data-widget_type=\"call-to-action.default\">\n\t\t\t\t<div class=\"elementor-widget-container\">\n\t\t\t\t\t\t\t<div class=\"elementor-cta\">\n\t\t\t\t\t\t\t<div class=\"elementor-cta__content\">\n\t\t\t\t\t\t\t\t\t<div class=\"elementor-content-item elementor-cta__content-item elementor-icon-wrapper elementor-cta__icon elementor-view-default\">\n\t\t\t\t\t\t<div class=\"elementor-icon\">\n\t\t\t\t\t\t\t<i aria-hidden=\"true\" class=\"fab fa-whatsapp\"><\/i>\t\t\t\t\t\t<\/div>\n\t\t\t\t\t<\/div>\n\t\t\t\t\n\t\t\t\t\t\t\t\t\t<h2 class=\"elementor-cta__title elementor-cta__content-item elementor-content-item\">\n\t\t\t\t\t\tnous contacter via WhatsApp\t\t\t\t\t<\/h2>\n\t\t\t\t\n\t\t\t\t\t\t\t\t\t<div class=\"elementor-cta__description elementor-cta__content-item elementor-content-item\">\n\t\t\t\t\t\tVeuillez indiquer la marque et le mod\u00e8le de la voiture pour laquelle vous souhaitez obtenir le mod\u00e8le\nLe service client\u00e8le vous aidera\t\t\t\t\t<\/div>\n\t\t\t\t\n\t\t\t\t\t\t\t\t\t<div class=\"elementor-cta__button-wrapper elementor-cta__content-item elementor-content-item\">\n\t\t\t\t\t<a class=\"elementor-cta__button elementor-button elementor-size-\" href=\"https:\/\/api.whatsapp.com\/send?phone=66943495657\" target=\"_blank\">\n\t\t\t\t\t\tCliquez ici\t\t\t\t\t<\/a>\n\t\t\t\t\t<\/div>\n\t\t\t\t\t\t\t<\/div>\n\t\t\t\t\t\t<\/div>\n\t\t\t\t\t\t<\/div>\n\t\t\t\t<\/div>\n\t\t\t\t\t<\/div>\n\t\t<\/div>\n\t\t\t\t<div class=\"elementor-column elementor-col-50 elementor-top-column elementor-element elementor-element-10360b9\" data-id=\"10360b9\" data-element_type=\"column\" data-e-type=\"column\" data-settings=\"{&quot;background_background&quot;:&quot;classic&quot;}\">\n\t\t\t<div class=\"elementor-widget-wrap elementor-element-populated\">\n\t\t\t\t\t\t<div class=\"elementor-element elementor-element-dc0eaac elementor-widget elementor-widget-heading\" data-id=\"dc0eaac\" data-element_type=\"widget\" data-e-type=\"widget\" data-widget_type=\"heading.default\">\n\t\t\t\t<div class=\"elementor-widget-container\">\n\t\t\t\t\t<h2 class=\"elementor-heading-title elementor-size-default\">votre commande<\/h2>\t\t\t\t<\/div>\n\t\t\t\t<\/div>\n\t\t\t\t<div class=\"elementor-element elementor-element-27e1a5d form-card elementor-widget elementor-widget-shortcode\" data-id=\"27e1a5d\" data-element_type=\"widget\" data-e-type=\"widget\" data-widget_type=\"shortcode.default\">\n\t\t\t\t<div class=\"elementor-widget-container\">\n\t\t\t\t\t\t\t<div class=\"elementor-shortcode\">\n<div class=\"wpcf7 no-js\" id=\"wpcf7-f9133-o1\" lang=\"en-US\" dir=\"ltr\" data-wpcf7-id=\"9133\">\n<div class=\"screen-reader-response\"><p role=\"status\" aria-live=\"polite\" aria-atomic=\"true\"><\/p> <ul><\/ul><\/div>\n<form action=\"\/fr\/wp-json\/wp\/v2\/pages\/8582#wpcf7-f9133-o1\" method=\"post\" class=\"wpcf7-form init\" aria-label=\"Contact form\" novalidate=\"novalidate\" data-status=\"init\" data-trp-original-action=\"\/fr\/wp-json\/wp\/v2\/pages\/8582#wpcf7-f9133-o1\">\n<fieldset class=\"hidden-fields-container\"><input type=\"hidden\" name=\"_wpcf7\" value=\"9133\" \/><input type=\"hidden\" name=\"_wpcf7_version\" value=\"6.1.5\" \/><input type=\"hidden\" name=\"_wpcf7_locale\" value=\"en_US\" \/><input type=\"hidden\" name=\"_wpcf7_unit_tag\" value=\"wpcf7-f9133-o1\" \/><input type=\"hidden\" name=\"_wpcf7_container_post\" value=\"0\" \/><input type=\"hidden\" name=\"_wpcf7_posted_data_hash\" value=\"\" \/><input type=\"hidden\" name=\"_wpcf7_recaptcha_response\" value=\"\" \/>\n<\/fieldset>\n<p><label> Votre nom<br \/>\n<span class=\"wpcf7-form-control-wrap\" data-name=\"your-name\"><input size=\"40\" maxlength=\"400\" class=\"wpcf7-form-control wpcf7-text wpcf7-validates-as-required\" aria-required=\"true\" aria-invalid=\"false\" value=\"\" type=\"text\" name=\"your-name\" \/><\/span> <\/label>\n<\/p>\n<p><label> Votre email<br \/>\n<span class=\"wpcf7-form-control-wrap\" data-name=\"your-email\"><input size=\"40\" maxlength=\"400\" class=\"wpcf7-form-control wpcf7-email wpcf7-validates-as-required wpcf7-text wpcf7-validates-as-email\" aria-required=\"true\" aria-invalid=\"false\" value=\"\" type=\"email\" name=\"your-email\" \/><\/span> <\/label>\n<\/p>\n<p>Type de voiture\n<\/p>\n<p><label> Ann\u00e9e<br \/>\n<span class=\"wpcf7-form-control-wrap\" data-name=\"your-year\"><input size=\"40\" maxlength=\"400\" class=\"wpcf7-form-control wpcf7-text wpcf7-validates-as-required\" aria-required=\"true\" aria-invalid=\"false\" value=\"\" type=\"text\" name=\"your-year\" \/><\/span> <\/label><br \/>\n<label> Faire<br \/>\n<span class=\"wpcf7-form-control-wrap\" data-name=\"your-make\"><input size=\"40\" maxlength=\"400\" class=\"wpcf7-form-control wpcf7-text wpcf7-validates-as-required\" aria-required=\"true\" aria-invalid=\"false\" value=\"\" type=\"text\" name=\"your-make\" \/><\/span> <\/label><br \/>\n<label> Mod\u00e8le<br \/>\n<span class=\"wpcf7-form-control-wrap\" data-name=\"your-model\"><input size=\"40\" maxlength=\"400\" class=\"wpcf7-form-control wpcf7-text wpcf7-validates-as-required\" aria-required=\"true\" aria-invalid=\"false\" value=\"\" type=\"text\" name=\"your-model\" \/><\/span> <\/label><br \/>\n<label> Sous-mod\u00e8le<br \/>\n<span class=\"wpcf7-form-control-wrap\" data-name=\"your-sub\"><input size=\"40\" maxlength=\"400\" class=\"wpcf7-form-control wpcf7-text wpcf7-validates-as-required\" aria-required=\"true\" aria-invalid=\"false\" value=\"\" type=\"text\" name=\"your-sub\" \/><\/span> <\/label>\n<\/p>\n<p>Mod\u00e8le-Paquet<br \/>\n<span class=\"wpcf7-form-control-wrap\" data-name=\"Pattern-Package\"><span class=\"wpcf7-form-control wpcf7-radio\"><span class=\"wpcf7-list-item first\"><input type=\"radio\" name=\"Pattern-Package\" value=\"Partial front\" checked=\"checked\" \/><span class=\"wpcf7-list-item-label\">Front partiel<\/span><\/span><span class=\"wpcf7-list-item\"><input type=\"radio\" name=\"Pattern-Package\" value=\"full front\" \/><span class=\"wpcf7-list-item-label\">front complet<\/span><\/span><span class=\"wpcf7-list-item\"><input type=\"radio\" name=\"Pattern-Package\" value=\"full exterior\" \/><span class=\"wpcf7-list-item-label\">ext\u00e9rieur complet<\/span><\/span><span class=\"wpcf7-list-item\"><input type=\"radio\" name=\"Pattern-Package\" value=\"Window tint\" \/><span class=\"wpcf7-list-item-label\">Vitres teint\u00e9es<\/span><\/span><span class=\"wpcf7-list-item last\"><input type=\"radio\" name=\"Pattern-Package\" value=\"Interior\" \/><span class=\"wpcf7-list-item-label\">Int\u00e9rieur<\/span><\/span><\/span><\/span>\n<\/p>\n<p><label> Votre message (facultatif)<br \/>\n<span class=\"wpcf7-form-control-wrap\" data-name=\"your-message\"><textarea cols=\"40\" rows=\"10\" maxlength=\"2000\" class=\"wpcf7-form-control wpcf7-textarea\" aria-invalid=\"false\" name=\"your-message\"><\/textarea><\/span> <\/label>\n<\/p>\n<p><input class=\"wpcf7-form-control wpcf7-submit has-spinner\" type=\"submit\" value=\"Soumettre\" \/>\n<\/p><div class=\"wpcf7-response-output\" aria-hidden=\"true\"><\/div>\n<input type=\"hidden\" name=\"trp-form-language\" value=\"fr\"\/><\/form>\n<\/div>\n<\/div>\n\t\t\t\t\t\t<\/div>\n\t\t\t\t<\/div>\n\t\t\t\t\t<\/div>\n\t\t<\/div>\n\t\t\t\t\t<\/div>\n\t\t<\/section>\n\t\t\t\t<\/div>","protected":false},"excerpt":{"rendered":"<p>Order PPF Pattern file Now Please fill in the form below so we can reach you and execute the order you want For a quick response, you can contact us via WhatsApp contact us via WhatsApp Please indicate the make and model of the car you want to get the pattern for Customer service will [&hellip;]<\/p>\n","protected":false},"author":1,"featured_media":0,"parent":0,"menu_order":0,"comment_status":"closed","ping_status":"closed","template":"","meta":{"om_disable_all_campaigns":false,"_monsterinsights_skip_tracking":false,"_monsterinsights_sitenote_active":false,"_monsterinsights_sitenote_note":"","_monsterinsights_sitenote_category":0,"footnotes":""},"class_list":["post-8582","page","type-page","status-publish","hentry"],"aioseo_notices":[],"aioseo_head":"\n\t\t<!-- All in One SEO Pro 4.9.6.1 - aioseo.com -->\n\t<meta name=\"description\" content=\"Order PPF Pattern file Now Please fill in the form below so we can reach you and execute the order you want For a quick response, you can contact us via WhatsApp contact us via WhatsApp Please indicate the make and model of the car you want to get the pattern for Customer service will\" \/>\n\t<meta name=\"robots\" content=\"max-image-preview:large\" \/>\n\t<link rel=\"canonical\" href=\"https:\/\/xcutpatterns.com\/fr\/page-de-commande\/\" \/>\n\t<meta name=\"generator\" content=\"All in One SEO Pro (AIOSEO) 4.9.6.1\" \/>\n\t\t<meta property=\"og:locale\" content=\"fr_FR\" \/>\n\t\t<meta property=\"og:site_name\" content=\"XCUT paint protection film precut patterns files - PPF pre-cut Patterns\" \/>\n\t\t<meta property=\"og:type\" content=\"article\" \/>\n\t\t<meta property=\"og:title\" content=\"order page - XCUT paint protection film precut patterns files\" \/>\n\t\t<meta property=\"og:description\" content=\"Order PPF Pattern file Now Please fill in the form below so we can reach you and execute the order you want For a quick response, you can contact us via WhatsApp contact us via WhatsApp Please indicate the make and model of the car you want to get the pattern for Customer service will\" \/>\n\t\t<meta property=\"og:url\" content=\"https:\/\/xcutpatterns.com\/fr\/page-de-commande\/\" \/>\n\t\t<meta property=\"article:published_time\" content=\"2022-07-24T19:44:11+00:00\" \/>\n\t\t<meta property=\"article:modified_time\" content=\"2022-08-01T08:12:03+00:00\" \/>\n\t\t<meta name=\"twitter:card\" content=\"summary_large_image\" \/>\n\t\t<meta name=\"twitter:title\" content=\"order page - XCUT paint protection film precut patterns files\" \/>\n\t\t<meta name=\"twitter:description\" content=\"Order PPF Pattern file Now Please fill in the form below so we can reach you and execute the order you want For a quick response, you can contact us via WhatsApp contact us via WhatsApp Please indicate the make and model of the car you want to get the pattern for Customer service will\" \/>\n\t\t<script type=\"application\/ld+json\" class=\"aioseo-schema\">\n\t\t\t{\"@context\":\"https:\\\/\\\/schema.org\",\"@graph\":[{\"@type\":\"BreadcrumbList\",\"@id\":\"https:\\\/\\\/xcutpatterns.com\\\/fr\\\/page-de-commande\\\/#breadcrumblist\",\"itemListElement\":[{\"@type\":\"ListItem\",\"@id\":\"https:\\\/\\\/xcutpatterns.com\\\/fr#listItem\",\"position\":1,\"name\":\"Home\",\"item\":\"https:\\\/\\\/xcutpatterns.com\\\/fr\",\"nextItem\":{\"@type\":\"ListItem\",\"@id\":\"https:\\\/\\\/xcutpatterns.com\\\/fr\\\/page-de-commande\\\/#listItem\",\"name\":\"order page\"}},{\"@type\":\"ListItem\",\"@id\":\"https:\\\/\\\/xcutpatterns.com\\\/fr\\\/page-de-commande\\\/#listItem\",\"position\":2,\"name\":\"order page\",\"previousItem\":{\"@type\":\"ListItem\",\"@id\":\"https:\\\/\\\/xcutpatterns.com\\\/fr#listItem\",\"name\":\"Home\"}}]},{\"@type\":\"Organization\",\"@id\":\"https:\\\/\\\/xcutpatterns.com\\\/fr\\\/#organization\",\"name\":\"XCUT paint protection film precut patterns files\",\"description\":\"PPF pre-cut Patterns\",\"url\":\"https:\\\/\\\/xcutpatterns.com\\\/fr\\\/\"},{\"@type\":\"WebPage\",\"@id\":\"https:\\\/\\\/xcutpatterns.com\\\/fr\\\/page-de-commande\\\/#webpage\",\"url\":\"https:\\\/\\\/xcutpatterns.com\\\/fr\\\/page-de-commande\\\/\",\"name\":\"order page - XCUT paint protection film precut patterns files\",\"description\":\"Order PPF Pattern file Now Please fill in the form below so we can reach you and execute the order you want For a quick response, you can contact us via WhatsApp contact us via WhatsApp Please indicate the make and model of the car you want to get the pattern for Customer service will\",\"inLanguage\":\"fr-FR\",\"isPartOf\":{\"@id\":\"https:\\\/\\\/xcutpatterns.com\\\/fr\\\/#website\"},\"breadcrumb\":{\"@id\":\"https:\\\/\\\/xcutpatterns.com\\\/fr\\\/page-de-commande\\\/#breadcrumblist\"},\"datePublished\":\"2022-07-24T19:44:11+00:00\",\"dateModified\":\"2022-08-01T08:12:03+00:00\"},{\"@type\":\"WebSite\",\"@id\":\"https:\\\/\\\/xcutpatterns.com\\\/fr\\\/#website\",\"url\":\"https:\\\/\\\/xcutpatterns.com\\\/fr\\\/\",\"name\":\"XCUT paint protection film precut patterns files\",\"description\":\"PPF pre-cut Patterns\",\"inLanguage\":\"fr-FR\",\"publisher\":{\"@id\":\"https:\\\/\\\/xcutpatterns.com\\\/fr\\\/#organization\"}}]}\n\t\t<\/script>\n\t\t<!-- All in One SEO Pro -->\r\n\t\t<title>order page - XCUT paint protection film precut patterns files<\/title>\n\n","aioseo_head_json":{"title":"page de commande - XCUT paint protection film precut patterns files","description":"Commander le fichier PPF Pattern maintenant Veuillez remplir le formulaire ci-dessous afin que nous puissions vous joindre et ex\u00e9cuter la commande que vous souhaitez Pour une r\u00e9ponse rapide, vous pouvez nous contacter via WhatsApp contact us via WhatsApp Veuillez indiquer la marque et le mod\u00e8le de la voiture pour laquelle vous souhaitez obtenir le mod\u00e8le Le service client\u00e8le va","canonical_url":"https:\/\/xcutpatterns.com\/fr\/page-de-commande\/","robots":"max-image-preview:large","keywords":"","webmasterTools":{"miscellaneous":""},"schema":{"@context":"https:\/\/schema.org","@graph":[{"@type":"BreadcrumbList","@id":"https:\/\/xcutpatterns.com\/fr\/page-de-commande\/#breadcrumblist","itemListElement":[{"@type":"ListItem","@id":"https:\/\/xcutpatterns.com\/fr#listItem","position":1,"name":"Home","item":"https:\/\/xcutpatterns.com\/fr","nextItem":{"@type":"ListItem","@id":"https:\/\/xcutpatterns.com\/fr\/page-de-commande\/#listItem","name":"order page"}},{"@type":"ListItem","@id":"https:\/\/xcutpatterns.com\/fr\/page-de-commande\/#listItem","position":2,"name":"order page","previousItem":{"@type":"ListItem","@id":"https:\/\/xcutpatterns.com\/fr#listItem","name":"Home"}}]},{"@type":"Organization","@id":"https:\/\/xcutpatterns.com\/fr\/#organization","name":"XCUT paint protection film precut patterns files","description":"PPF pre-cut Patterns","url":"https:\/\/xcutpatterns.com\/fr\/"},{"@type":"WebPage","@id":"https:\/\/xcutpatterns.com\/fr\/page-de-commande\/#webpage","url":"https:\/\/xcutpatterns.com\/fr\/page-de-commande\/","name":"order page - XCUT paint protection film precut patterns files","description":"Order PPF Pattern file Now Please fill in the form below so we can reach you and execute the order you want For a quick response, you can contact us via WhatsApp contact us via WhatsApp Please indicate the make and model of the car you want to get the pattern for Customer service will","inLanguage":"fr-FR","isPartOf":{"@id":"https:\/\/xcutpatterns.com\/fr\/#website"},"breadcrumb":{"@id":"https:\/\/xcutpatterns.com\/fr\/page-de-commande\/#breadcrumblist"},"datePublished":"2022-07-24T19:44:11+00:00","dateModified":"2022-08-01T08:12:03+00:00"},{"@type":"WebSite","@id":"https:\/\/xcutpatterns.com\/fr\/#website","url":"https:\/\/xcutpatterns.com\/fr\/","name":"XCUT paint protection film precut patterns files","description":"PPF pre-cut Patterns","inLanguage":"fr-FR","publisher":{"@id":"https:\/\/xcutpatterns.com\/fr\/#organization"}}]},"og:locale":"fr_FR","og:site_name":"XCUT paint protection film precut patterns files - PPF pre-cut Patterns","og:type":"article","og:title":"order page - XCUT paint protection film precut patterns files","og:description":"Order PPF Pattern file Now Please fill in the form below so we can reach you and execute the order you want For a quick response, you can contact us via WhatsApp contact us via WhatsApp Please indicate the make and model of the car you want to get the pattern for Customer service will","og:url":"https:\/\/xcutpatterns.com\/fr\/page-de-commande\/","article:published_time":"2022-07-24T19:44:11+00:00","article:modified_time":"2022-08-01T08:12:03+00:00","twitter:card":"summary_large_image","twitter:title":"order page - XCUT paint protection film precut patterns files","twitter:description":"Order PPF Pattern file Now Please fill in the form below so we can reach you and execute the order you want For a quick response, you can contact us via WhatsApp contact us via WhatsApp Please indicate the make and model of the car you want to get the pattern for Customer service will"},"aioseo_meta_data":{"post_id":"8582","title":null,"description":null,"keywords":null,"keyphrases":null,"primary_term":null,"canonical_url":null,"og_title":null,"og_description":null,"og_object_type":"default","og_image_type":"default","og_image_url":null,"og_image_width":null,"og_image_height":null,"og_image_custom_url":null,"og_image_custom_fields":null,"og_video":null,"og_custom_url":null,"og_article_section":null,"og_article_tags":null,"twitter_use_og":true,"twitter_card":"default","twitter_image_type":"default","twitter_image_url":null,"twitter_image_custom_url":null,"twitter_image_custom_fields":null,"twitter_title":null,"twitter_description":null,"schema":{"blockGraphs":[],"customGraphs":[],"default":{"data":{"Article":[],"Course":[],"Dataset":[],"FAQPage":[],"Movie":[],"Person":[],"Product":[],"ProductReview":[],"Car":[],"Recipe":[],"Service":[],"SoftwareApplication":[],"WebPage":[]},"graphName":"","isEnabled":true},"graphs":[]},"schema_type":"default","schema_type_options":null,"pillar_content":false,"robots_default":true,"robots_noindex":false,"robots_noarchive":false,"robots_nosnippet":false,"robots_nofollow":false,"robots_noimageindex":false,"robots_noodp":false,"robots_notranslate":false,"robots_max_snippet":null,"robots_max_videopreview":null,"robots_max_imagepreview":"large","priority":null,"frequency":null,"local_seo":null,"seo_analyzer_scan_date":"2025-08-14 22:07:18","breadcrumb_settings":null,"limit_modified_date":false,"reviewed_by":null,"open_ai":null,"ai":null,"created":"2025-08-14 22:07:18","updated":"2025-11-27 07:54:10"},"aioseo_breadcrumb":"<div class=\"aioseo-breadcrumbs\"><span class=\"aioseo-breadcrumb\">\n\t<a href=\"https:\/\/xcutpatterns.com\/fr\" title=\"Home\">Home<\/a>\n<\/span><span class=\"aioseo-breadcrumb-separator\">&raquo;<\/span><span class=\"aioseo-breadcrumb\">\n\torder page\n<\/span><\/div>","aioseo_breadcrumb_json":[{"label":"Home","link":"https:\/\/xcutpatterns.com\/fr"},{"label":"order page","link":"https:\/\/xcutpatterns.com\/fr\/page-de-commande\/"}],"_links":{"self":[{"href":"https:\/\/xcutpatterns.com\/fr\/wp-json\/wp\/v2\/pages\/8582","targetHints":{"allow":["GET"]}}],"collection":[{"href":"https:\/\/xcutpatterns.com\/fr\/wp-json\/wp\/v2\/pages"}],"about":[{"href":"https:\/\/xcutpatterns.com\/fr\/wp-json\/wp\/v2\/types\/page"}],"author":[{"embeddable":true,"href":"https:\/\/xcutpatterns.com\/fr\/wp-json\/wp\/v2\/users\/1"}],"replies":[{"embeddable":true,"href":"https:\/\/xcutpatterns.com\/fr\/wp-json\/wp\/v2\/comments?post=8582"}],"version-history":[{"count":0,"href":"https:\/\/xcutpatterns.com\/fr\/wp-json\/wp\/v2\/pages\/8582\/revisions"}],"wp:attachment":[{"href":"https:\/\/xcutpatterns.com\/fr\/wp-json\/wp\/v2\/media?parent=8582"}],"curies":[{"name":"wp","href":"https:\/\/api.w.org\/{rel}","templated":true}]}}