{"id":321,"date":"2020-10-14T07:19:13","date_gmt":"2020-10-14T07:19:13","guid":{"rendered":"http:\/\/demo.ovathemes.com\/mistercar\/?page_id=321"},"modified":"2022-07-29T13:40:50","modified_gmt":"2022-07-29T13:40:50","slug":"faq","status":"publish","type":"page","link":"https:\/\/xcutpatterns.com\/fr\/faq\/","title":{"rendered":"FAQ"},"content":{"rendered":"<div data-elementor-type=\"wp-page\" data-elementor-id=\"321\" class=\"elementor elementor-321\" data-elementor-post-type=\"page\">\n\t\t\t\t\t\t<section class=\"elementor-section elementor-top-section elementor-element elementor-element-6f3b39a elementor-section-boxed elementor-section-height-default elementor-section-height-default\" data-id=\"6f3b39a\" data-element_type=\"section\" data-e-type=\"section\">\n\t\t\t\t\t\t<div class=\"elementor-container elementor-column-gap-default\">\n\t\t\t\t\t<div class=\"elementor-column elementor-col-100 elementor-top-column elementor-element elementor-element-20c53c3\" data-id=\"20c53c3\" data-element_type=\"column\" data-e-type=\"column\">\n\t\t\t<div class=\"elementor-widget-wrap elementor-element-populated\">\n\t\t\t\t\t\t<div class=\"elementor-element elementor-element-2bafb4c elementor-widget elementor-widget-ova_heading\" data-id=\"2bafb4c\" data-element_type=\"widget\" data-e-type=\"widget\" data-widget_type=\"ova_heading.default\">\n\t\t\t\t<div class=\"elementor-widget-container\">\n\t\t\t\t\t\t\t<div class=\"ova-heading\">\n\n\t\t\t\t\t\t\t<h4 class=\"sub_title second_font\">Trouvez les r\u00e9ponses ci-dessous<\/h4>\n\t\t\t\t\t\t\n\t\t\t\t\t\t\t<h3 class=\"title second_font\">Questions fr\u00e9quemment pos\u00e9es<\/h3>\n\t\t\t\n\t\t\t\t\t\t\t<p class=\"desc second_font\">Si vous ne trouvez pas la r\u00e9ponse \u00e0 votre question, veuillez utiliser le formulaire de contact ou l'adresse suivante <br>\nenvoyez-nous un courriel \u00e0\n\ninfo@xcutpatterns.com\n<\/p>\n\t\t\t\n\t\t<\/div>\n\t\t\t\t\t\t<\/div>\n\t\t\t\t<\/div>\n\t\t\t\t\t<\/div>\n\t\t<\/div>\n\t\t\t\t\t<\/div>\n\t\t<\/section>\n\t\t\t\t<section class=\"elementor-section elementor-top-section elementor-element elementor-element-26ef534 elementor-section-boxed elementor-section-height-default elementor-section-height-default\" data-id=\"26ef534\" data-element_type=\"section\" data-e-type=\"section\">\n\t\t\t\t\t\t<div class=\"elementor-container elementor-column-gap-default\">\n\t\t\t\t\t<div class=\"elementor-column elementor-col-100 elementor-top-column elementor-element elementor-element-03800df\" data-id=\"03800df\" data-element_type=\"column\" data-e-type=\"column\">\n\t\t\t<div class=\"elementor-widget-wrap elementor-element-populated\">\n\t\t\t\t\t\t<div class=\"elementor-element elementor-element-26b1bbe elementor-widget elementor-widget-image\" data-id=\"26b1bbe\" data-element_type=\"widget\" data-e-type=\"widget\" data-widget_type=\"image.default\">\n\t\t\t\t<div class=\"elementor-widget-container\">\n\t\t\t\t\t\t\t\t\t\t\t\t\t\t\t<img fetchpriority=\"high\" decoding=\"async\" width=\"768\" height=\"768\" src=\"https:\/\/xcutpatterns.com\/wp-content\/uploads\/2022\/07\/9-e1659102018608-768x768.png\" class=\"attachment-medium_large size-medium_large wp-image-9463\" alt=\"\" srcset=\"https:\/\/xcutpatterns.com\/wp-content\/uploads\/2022\/07\/9-e1659102018608-768x768.png 768w, https:\/\/xcutpatterns.com\/wp-content\/uploads\/2022\/07\/9-e1659102018608-300x300.png 300w, https:\/\/xcutpatterns.com\/wp-content\/uploads\/2022\/07\/9-e1659102018608-1024x1024.png 1024w, https:\/\/xcutpatterns.com\/wp-content\/uploads\/2022\/07\/9-e1659102018608-150x150.png 150w, https:\/\/xcutpatterns.com\/wp-content\/uploads\/2022\/07\/9-e1659102018608.png 1200w\" sizes=\"(max-width: 768px) 100vw, 768px\" title=\"Logiciel de pr\u00e9d\u00e9coupe PPF - Fichiers de mod\u00e8les de pr\u00e9d\u00e9coupe de film de protection de peinture XCUT\" \/>\t\t\t\t\t\t\t\t\t\t\t\t\t\t\t<\/div>\n\t\t\t\t<\/div>\n\t\t\t\t\t<\/div>\n\t\t<\/div>\n\t\t\t\t\t<\/div>\n\t\t<\/section>\n\t\t\t\t<section class=\"elementor-section elementor-top-section elementor-element elementor-element-23a2abe elementor-section-boxed elementor-section-height-default elementor-section-height-default\" data-id=\"23a2abe\" data-element_type=\"section\" data-e-type=\"section\">\n\t\t\t\t\t\t<div class=\"elementor-container elementor-column-gap-default\">\n\t\t\t\t\t<div class=\"elementor-column elementor-col-100 elementor-top-column elementor-element elementor-element-a2885ac\" data-id=\"a2885ac\" data-element_type=\"column\" data-e-type=\"column\">\n\t\t\t<div class=\"elementor-widget-wrap elementor-element-populated\">\n\t\t\t\t\t\t<div class=\"elementor-element elementor-element-11ff1cf ova_toggle_custom_autoglow elementor-widget elementor-widget-toggle\" data-id=\"11ff1cf\" data-element_type=\"widget\" data-e-type=\"widget\" data-widget_type=\"toggle.default\">\n\t\t\t\t<div class=\"elementor-widget-container\">\n\t\t\t\t\t\t\t<div class=\"elementor-toggle\">\n\t\t\t\t\t\t\t<div class=\"elementor-toggle-item\">\n\t\t\t\t\t<div id=\"elementor-tab-title-1881\" class=\"elementor-tab-title\" data-tab=\"1\" role=\"button\" aria-controls=\"elementor-tab-content-1881\" aria-expanded=\"false\">\n\t\t\t\t\t\t\t\t\t\t\t\t<span class=\"elementor-toggle-icon elementor-toggle-icon-right\" aria-hidden=\"true\">\n\t\t\t\t\t\t\t\t\t\t\t\t\t\t\t<span class=\"elementor-toggle-icon-closed\"><i class=\"fas fa-chevron-down\"><\/i><\/span>\n\t\t\t\t\t\t\t\t<span class=\"elementor-toggle-icon-opened\"><i class=\"elementor-toggle-icon-opened fas fa-chevron-up\"><\/i><\/span>\n\t\t\t\t\t\t\t\t\t\t\t\t\t<\/span>\n\t\t\t\t\t\t\t\t\t\t\t\t<a class=\"elementor-toggle-title\" tabindex=\"0\">Comment puis-je essayer votre logiciel de d\u00e9coupe ?<\/a>\n\t\t\t\t\t<\/div>\n\n\t\t\t\t\t<div id=\"elementor-tab-content-1881\" class=\"elementor-tab-content elementor-clearfix\" data-tab=\"1\" role=\"region\" aria-labelledby=\"elementor-tab-title-1881\"><p>Nous n'offrons pas de mat\u00e9riel de d\u00e9coupe, nous offrons la meilleure solution pour produire le kit de pr\u00e9d\u00e9coupage du FILM DE PROTECTION DE PEINTURE en utilisant des motifs pr\u00e9d\u00e9coup\u00e9s pr\u00e9cis sous forme de fichiers vectoriels num\u00e9riques tels que Ai, Cdr, Eps ,Etc.<\/p><\/div>\n\t\t\t\t<\/div>\n\t\t\t\t\t\t\t<div class=\"elementor-toggle-item\">\n\t\t\t\t\t<div id=\"elementor-tab-title-1882\" class=\"elementor-tab-title\" data-tab=\"2\" role=\"button\" aria-controls=\"elementor-tab-content-1882\" aria-expanded=\"false\">\n\t\t\t\t\t\t\t\t\t\t\t\t<span class=\"elementor-toggle-icon elementor-toggle-icon-right\" aria-hidden=\"true\">\n\t\t\t\t\t\t\t\t\t\t\t\t\t\t\t<span class=\"elementor-toggle-icon-closed\"><i class=\"fas fa-chevron-down\"><\/i><\/span>\n\t\t\t\t\t\t\t\t<span class=\"elementor-toggle-icon-opened\"><i class=\"elementor-toggle-icon-opened fas fa-chevron-up\"><\/i><\/span>\n\t\t\t\t\t\t\t\t\t\t\t\t\t<\/span>\n\t\t\t\t\t\t\t\t\t\t\t\t<a class=\"elementor-toggle-title\" tabindex=\"0\">Dois-je payer des frais chaque fois que je veux utiliser le fichier ?<\/a>\n\t\t\t\t\t<\/div>\n\n\t\t\t\t\t<div id=\"elementor-tab-content-1882\" class=\"elementor-tab-content elementor-clearfix\" data-tab=\"2\" role=\"region\" aria-labelledby=\"elementor-tab-title-1882\"><p>Non, apr\u00e8s avoir achet\u00e9 le fichier, il vous appartient \u00e0 vie. Vous pouvez l'utiliser \u00e0 tout moment<\/p><\/div>\n\t\t\t\t<\/div>\n\t\t\t\t\t\t\t<div class=\"elementor-toggle-item\">\n\t\t\t\t\t<div id=\"elementor-tab-title-1883\" class=\"elementor-tab-title\" data-tab=\"3\" role=\"button\" aria-controls=\"elementor-tab-content-1883\" aria-expanded=\"false\">\n\t\t\t\t\t\t\t\t\t\t\t\t<span class=\"elementor-toggle-icon elementor-toggle-icon-right\" aria-hidden=\"true\">\n\t\t\t\t\t\t\t\t\t\t\t\t\t\t\t<span class=\"elementor-toggle-icon-closed\"><i class=\"fas fa-chevron-down\"><\/i><\/span>\n\t\t\t\t\t\t\t\t<span class=\"elementor-toggle-icon-opened\"><i class=\"elementor-toggle-icon-opened fas fa-chevron-up\"><\/i><\/span>\n\t\t\t\t\t\t\t\t\t\t\t\t\t<\/span>\n\t\t\t\t\t\t\t\t\t\t\t\t<a class=\"elementor-toggle-title\" tabindex=\"0\"> J'ai un vieux traceur de d\u00e9coupe, vos fichiers peuvent-ils fonctionner avec ma machine \u00e0 d\u00e9couper ?<\/a>\n\t\t\t\t\t<\/div>\n\n\t\t\t\t\t<div id=\"elementor-tab-content-1883\" class=\"elementor-tab-content elementor-clearfix\" data-tab=\"3\" role=\"region\" aria-labelledby=\"elementor-tab-title-1883\"><p>Oui, nos fichiers de motifs sont compatibles avec tous les appareils de d\u00e9coupe par le biais du programme de d\u00e9coupe fourni avec la machine de d\u00e9coupe ou d'autres logiciels tels qu'Adobe Illustrator, CorelDRAW, SignMaster, etc.<\/p><p><br \/><br \/><\/p><\/div>\n\t\t\t\t<\/div>\n\t\t\t\t\t\t\t<div class=\"elementor-toggle-item\">\n\t\t\t\t\t<div id=\"elementor-tab-title-1884\" class=\"elementor-tab-title\" data-tab=\"4\" role=\"button\" aria-controls=\"elementor-tab-content-1884\" aria-expanded=\"false\">\n\t\t\t\t\t\t\t\t\t\t\t\t<span class=\"elementor-toggle-icon elementor-toggle-icon-right\" aria-hidden=\"true\">\n\t\t\t\t\t\t\t\t\t\t\t\t\t\t\t<span class=\"elementor-toggle-icon-closed\"><i class=\"fas fa-chevron-down\"><\/i><\/span>\n\t\t\t\t\t\t\t\t<span class=\"elementor-toggle-icon-opened\"><i class=\"elementor-toggle-icon-opened fas fa-chevron-up\"><\/i><\/span>\n\t\t\t\t\t\t\t\t\t\t\t\t\t<\/span>\n\t\t\t\t\t\t\t\t\t\t\t\t<a class=\"elementor-toggle-title\" tabindex=\"0\">J'ai achet\u00e9 un fichier de patron pr\u00e9d\u00e9coup\u00e9 mais je ne peux pas l'utiliser pour produire un FILM DE PROTECTION DE PEINTURE pr\u00e9d\u00e9coup\u00e9.<\/a>\n\t\t\t\t\t<\/div>\n\n\t\t\t\t\t<div id=\"elementor-tab-content-1884\" class=\"elementor-tab-content elementor-clearfix\" data-tab=\"4\" role=\"region\" aria-labelledby=\"elementor-tab-title-1884\"><p>N'h\u00e9sitez pas \u00e0 nous contacter pour que nous puissions vous aider<\/p><\/div>\n\t\t\t\t<\/div>\n\t\t\t\t\t\t\t<div class=\"elementor-toggle-item\">\n\t\t\t\t\t<div id=\"elementor-tab-title-1885\" class=\"elementor-tab-title\" data-tab=\"5\" role=\"button\" aria-controls=\"elementor-tab-content-1885\" aria-expanded=\"false\">\n\t\t\t\t\t\t\t\t\t\t\t\t<span class=\"elementor-toggle-icon elementor-toggle-icon-right\" aria-hidden=\"true\">\n\t\t\t\t\t\t\t\t\t\t\t\t\t\t\t<span class=\"elementor-toggle-icon-closed\"><i class=\"fas fa-chevron-down\"><\/i><\/span>\n\t\t\t\t\t\t\t\t<span class=\"elementor-toggle-icon-opened\"><i class=\"elementor-toggle-icon-opened fas fa-chevron-up\"><\/i><\/span>\n\t\t\t\t\t\t\t\t\t\t\t\t\t<\/span>\n\t\t\t\t\t\t\t\t\t\t\t\t<a class=\"elementor-toggle-title\" tabindex=\"0\"> Quel programme recommandez-vous d'utiliser avec les fichiers pr\u00e9d\u00e9coup\u00e9s de PAINT PROTECTION FILM ?<\/a>\n\t\t\t\t\t<\/div>\n\n\t\t\t\t\t<div id=\"elementor-tab-content-1885\" class=\"elementor-tab-content elementor-clearfix\" data-tab=\"5\" role=\"region\" aria-labelledby=\"elementor-tab-title-1885\"><p>nous recommandons CorelDRAW , mais vous \u00eates libre d'utiliser le programme de votre choix qui est compatible avec nos fichiers de motifs.<\/p><\/div>\n\t\t\t\t<\/div>\n\t\t\t\t\t\t\t<div class=\"elementor-toggle-item\">\n\t\t\t\t\t<div id=\"elementor-tab-title-1886\" class=\"elementor-tab-title\" data-tab=\"6\" role=\"button\" aria-controls=\"elementor-tab-content-1886\" aria-expanded=\"false\">\n\t\t\t\t\t\t\t\t\t\t\t\t<span class=\"elementor-toggle-icon elementor-toggle-icon-right\" aria-hidden=\"true\">\n\t\t\t\t\t\t\t\t\t\t\t\t\t\t\t<span class=\"elementor-toggle-icon-closed\"><i class=\"fas fa-chevron-down\"><\/i><\/span>\n\t\t\t\t\t\t\t\t<span class=\"elementor-toggle-icon-opened\"><i class=\"elementor-toggle-icon-opened fas fa-chevron-up\"><\/i><\/span>\n\t\t\t\t\t\t\t\t\t\t\t\t\t<\/span>\n\t\t\t\t\t\t\t\t\t\t\t\t<a class=\"elementor-toggle-title\" tabindex=\"0\">Offrez-vous des \u00e9chantillons pour que nous puissions essayer vos mod\u00e8les ?<\/a>\n\t\t\t\t\t<\/div>\n\n\t\t\t\t\t<div id=\"elementor-tab-content-1886\" class=\"elementor-tab-content elementor-clearfix\" data-tab=\"6\" role=\"region\" aria-labelledby=\"elementor-tab-title-1886\"><p>N'h\u00e9sitez pas \u00e0 nous contacter pour savoir comment nous pouvons vous aider.<\/p><\/div>\n\t\t\t\t<\/div>\n\t\t\t\t\t\t\t<div class=\"elementor-toggle-item\">\n\t\t\t\t\t<div id=\"elementor-tab-title-1887\" class=\"elementor-tab-title\" data-tab=\"7\" role=\"button\" aria-controls=\"elementor-tab-content-1887\" aria-expanded=\"false\">\n\t\t\t\t\t\t\t\t\t\t\t\t<span class=\"elementor-toggle-icon elementor-toggle-icon-right\" aria-hidden=\"true\">\n\t\t\t\t\t\t\t\t\t\t\t\t\t\t\t<span class=\"elementor-toggle-icon-closed\"><i class=\"fas fa-chevron-down\"><\/i><\/span>\n\t\t\t\t\t\t\t\t<span class=\"elementor-toggle-icon-opened\"><i class=\"elementor-toggle-icon-opened fas fa-chevron-up\"><\/i><\/span>\n\t\t\t\t\t\t\t\t\t\t\t\t\t<\/span>\n\t\t\t\t\t\t\t\t\t\t\t\t<a class=\"elementor-toggle-title\" tabindex=\"0\">J'ai achet\u00e9 un patron chez vous mais je voudrais le retourner ou l'\u00e9changer<\/a>\n\t\t\t\t\t<\/div>\n\n\t\t\t\t\t<div id=\"elementor-tab-content-1887\" class=\"elementor-tab-content elementor-clearfix\" data-tab=\"7\" role=\"region\" aria-labelledby=\"elementor-tab-title-1887\"><p>Notre politique n'autorise pas les \u00e9changes ou les retours apr\u00e8s r\u00e9ception du paiement. Nous vous recommandons vivement de confirmer le mod\u00e8le avant d'acheter.<\/p><\/div>\n\t\t\t\t<\/div>\n\t\t\t\t\t\t\t<div class=\"elementor-toggle-item\">\n\t\t\t\t\t<div id=\"elementor-tab-title-1888\" class=\"elementor-tab-title\" data-tab=\"8\" role=\"button\" aria-controls=\"elementor-tab-content-1888\" aria-expanded=\"false\">\n\t\t\t\t\t\t\t\t\t\t\t\t<span class=\"elementor-toggle-icon elementor-toggle-icon-right\" aria-hidden=\"true\">\n\t\t\t\t\t\t\t\t\t\t\t\t\t\t\t<span class=\"elementor-toggle-icon-closed\"><i class=\"fas fa-chevron-down\"><\/i><\/span>\n\t\t\t\t\t\t\t\t<span class=\"elementor-toggle-icon-opened\"><i class=\"elementor-toggle-icon-opened fas fa-chevron-up\"><\/i><\/span>\n\t\t\t\t\t\t\t\t\t\t\t\t\t<\/span>\n\t\t\t\t\t\t\t\t\t\t\t\t<a class=\"elementor-toggle-title\" tabindex=\"0\">Avez-vous un syst\u00e8me de r\u00e9duction pour l'achat de plusieurs patrons ?<\/a>\n\t\t\t\t\t<\/div>\n\n\t\t\t\t\t<div id=\"elementor-tab-content-1888\" class=\"elementor-tab-content elementor-clearfix\" data-tab=\"8\" role=\"region\" aria-labelledby=\"elementor-tab-title-1888\"><p>Oui, contactez-nous directement pour que nous vous fassions parvenir une offre de r\u00e9duction.<\/p><\/div>\n\t\t\t\t<\/div>\n\t\t\t\t\t\t\t\t<\/div>\n\t\t\t\t\t\t<\/div>\n\t\t\t\t<\/div>\n\t\t\t\t\t<\/div>\n\t\t<\/div>\n\t\t\t\t\t<\/div>\n\t\t<\/section>\n\t\t\t\t<\/div>","protected":false},"excerpt":{"rendered":"<p>Find Answers Below Frequently Asked Questions If you cannot find the answer below, please use the contact form or send us an email to info@xcutpatterns.com How can I try your cutting software ? we dont offer cutting sotware , We offer best solution to produce PAINT PROTECTION FILM Pre Cut Kit by using Precise precut [&hellip;]<\/p>\n","protected":false},"author":1,"featured_media":0,"parent":0,"menu_order":0,"comment_status":"closed","ping_status":"closed","template":"elementor_header_footer","meta":{"om_disable_all_campaigns":false,"_monsterinsights_skip_tracking":false,"_monsterinsights_sitenote_active":false,"_monsterinsights_sitenote_note":"","_monsterinsights_sitenote_category":0,"footnotes":""},"class_list":["post-321","page","type-page","status-publish","hentry"],"aioseo_notices":[],"aioseo_head":"\n\t\t<!-- All in One SEO Pro 4.9.6.1 - aioseo.com -->\n\t<meta name=\"description\" content=\"Find Answers Below Frequently Asked Questions If you cannot find the answer below, please use the contact form or send us an email to info@xcutpatterns.com How can I try your cutting software ? we dont offer cutting sotware , We offer best solution to produce PAINT PROTECTION FILM Pre Cut Kit by using Precise precut\" \/>\n\t<meta name=\"robots\" content=\"max-image-preview:large\" \/>\n\t<link rel=\"canonical\" href=\"https:\/\/xcutpatterns.com\/fr\/faq\/\" \/>\n\t<meta name=\"generator\" content=\"All in One SEO Pro (AIOSEO) 4.9.6.1\" \/>\n\t\t<meta property=\"og:locale\" content=\"fr_FR\" \/>\n\t\t<meta property=\"og:site_name\" content=\"XCUT paint protection film precut patterns files - PPF pre-cut Patterns\" \/>\n\t\t<meta property=\"og:type\" content=\"article\" \/>\n\t\t<meta property=\"og:title\" content=\"FAQ - XCUT paint protection film precut patterns files\" \/>\n\t\t<meta property=\"og:description\" content=\"Find Answers Below Frequently Asked Questions If you cannot find the answer below, please use the contact form or send us an email to info@xcutpatterns.com How can I try your cutting software ? we dont offer cutting sotware , We offer best solution to produce PAINT PROTECTION FILM Pre Cut Kit by using Precise precut\" \/>\n\t\t<meta property=\"og:url\" content=\"https:\/\/xcutpatterns.com\/fr\/faq\/\" \/>\n\t\t<meta property=\"article:published_time\" content=\"2020-10-14T07:19:13+00:00\" \/>\n\t\t<meta property=\"article:modified_time\" content=\"2022-07-29T13:40:50+00:00\" \/>\n\t\t<meta name=\"twitter:card\" content=\"summary_large_image\" \/>\n\t\t<meta name=\"twitter:title\" content=\"FAQ - XCUT paint protection film precut patterns files\" \/>\n\t\t<meta name=\"twitter:description\" content=\"Find Answers Below Frequently Asked Questions If you cannot find the answer below, please use the contact form or send us an email to info@xcutpatterns.com How can I try your cutting software ? we dont offer cutting sotware , We offer best solution to produce PAINT PROTECTION FILM Pre Cut Kit by using Precise precut\" \/>\n\t\t<script type=\"application\/ld+json\" class=\"aioseo-schema\">\n\t\t\t{\"@context\":\"https:\\\/\\\/schema.org\",\"@graph\":[{\"@type\":\"BreadcrumbList\",\"@id\":\"https:\\\/\\\/xcutpatterns.com\\\/fr\\\/faq\\\/#breadcrumblist\",\"itemListElement\":[{\"@type\":\"ListItem\",\"@id\":\"https:\\\/\\\/xcutpatterns.com\\\/fr#listItem\",\"position\":1,\"name\":\"Home\",\"item\":\"https:\\\/\\\/xcutpatterns.com\\\/fr\",\"nextItem\":{\"@type\":\"ListItem\",\"@id\":\"https:\\\/\\\/xcutpatterns.com\\\/fr\\\/faq\\\/#listItem\",\"name\":\"FAQ\"}},{\"@type\":\"ListItem\",\"@id\":\"https:\\\/\\\/xcutpatterns.com\\\/fr\\\/faq\\\/#listItem\",\"position\":2,\"name\":\"FAQ\",\"previousItem\":{\"@type\":\"ListItem\",\"@id\":\"https:\\\/\\\/xcutpatterns.com\\\/fr#listItem\",\"name\":\"Home\"}}]},{\"@type\":\"Organization\",\"@id\":\"https:\\\/\\\/xcutpatterns.com\\\/fr\\\/#organization\",\"name\":\"XCUT paint protection film precut patterns files\",\"description\":\"PPF pre-cut Patterns\",\"url\":\"https:\\\/\\\/xcutpatterns.com\\\/fr\\\/\"},{\"@type\":\"WebPage\",\"@id\":\"https:\\\/\\\/xcutpatterns.com\\\/fr\\\/faq\\\/#webpage\",\"url\":\"https:\\\/\\\/xcutpatterns.com\\\/fr\\\/faq\\\/\",\"name\":\"FAQ - XCUT paint protection film precut patterns files\",\"description\":\"Find Answers Below Frequently Asked Questions If you cannot find the answer below, please use the contact form or send us an email to info@xcutpatterns.com How can I try your cutting software ? we dont offer cutting sotware , We offer best solution to produce PAINT PROTECTION FILM Pre Cut Kit by using Precise precut\",\"inLanguage\":\"fr-FR\",\"isPartOf\":{\"@id\":\"https:\\\/\\\/xcutpatterns.com\\\/fr\\\/#website\"},\"breadcrumb\":{\"@id\":\"https:\\\/\\\/xcutpatterns.com\\\/fr\\\/faq\\\/#breadcrumblist\"},\"datePublished\":\"2020-10-14T07:19:13+00:00\",\"dateModified\":\"2022-07-29T13:40:50+00:00\"},{\"@type\":\"WebSite\",\"@id\":\"https:\\\/\\\/xcutpatterns.com\\\/fr\\\/#website\",\"url\":\"https:\\\/\\\/xcutpatterns.com\\\/fr\\\/\",\"name\":\"XCUT paint protection film precut patterns files\",\"description\":\"PPF pre-cut Patterns\",\"inLanguage\":\"fr-FR\",\"publisher\":{\"@id\":\"https:\\\/\\\/xcutpatterns.com\\\/fr\\\/#organization\"}}]}\n\t\t<\/script>\n\t\t<!-- All in One SEO Pro -->\r\n\t\t<title>FAQ - XCUT paint protection film precut patterns files<\/title>\n\n","aioseo_head_json":{"title":"FAQ - Fichiers de motifs pr\u00e9d\u00e9coup\u00e9s du film de protection de la peinture XCUT","description":"Trouvez les r\u00e9ponses ci-dessous Foire aux questions Si vous ne trouvez pas la r\u00e9ponse \u00e0 votre question, veuillez utiliser le formulaire de contact ou nous envoyer un e-mail \u00e0 info@xcutpatterns.com Comment puis-je essayer votre logiciel de d\u00e9coupe ? Nous n'offrons pas de logiciel de d\u00e9coupe, nous offrons la meilleure solution pour produire des kits de pr\u00e9d\u00e9coupage de films de protection de peinture en utilisant des pr\u00e9d\u00e9coupages pr\u00e9cis.","canonical_url":"https:\/\/xcutpatterns.com\/fr\/faq\/","robots":"max-image-preview:large","keywords":"","webmasterTools":{"miscellaneous":""},"schema":{"@context":"https:\/\/schema.org","@graph":[{"@type":"BreadcrumbList","@id":"https:\/\/xcutpatterns.com\/fr\/faq\/#breadcrumblist","itemListElement":[{"@type":"ListItem","@id":"https:\/\/xcutpatterns.com\/fr#listItem","position":1,"name":"Home","item":"https:\/\/xcutpatterns.com\/fr","nextItem":{"@type":"ListItem","@id":"https:\/\/xcutpatterns.com\/fr\/faq\/#listItem","name":"FAQ"}},{"@type":"ListItem","@id":"https:\/\/xcutpatterns.com\/fr\/faq\/#listItem","position":2,"name":"FAQ","previousItem":{"@type":"ListItem","@id":"https:\/\/xcutpatterns.com\/fr#listItem","name":"Home"}}]},{"@type":"Organization","@id":"https:\/\/xcutpatterns.com\/fr\/#organization","name":"XCUT paint protection film precut patterns files","description":"PPF pre-cut Patterns","url":"https:\/\/xcutpatterns.com\/fr\/"},{"@type":"WebPage","@id":"https:\/\/xcutpatterns.com\/fr\/faq\/#webpage","url":"https:\/\/xcutpatterns.com\/fr\/faq\/","name":"FAQ - XCUT paint protection film precut patterns files","description":"Find Answers Below Frequently Asked Questions If you cannot find the answer below, please use the contact form or send us an email to info@xcutpatterns.com How can I try your cutting software ? we dont offer cutting sotware , We offer best solution to produce PAINT PROTECTION FILM Pre Cut Kit by using Precise precut","inLanguage":"fr-FR","isPartOf":{"@id":"https:\/\/xcutpatterns.com\/fr\/#website"},"breadcrumb":{"@id":"https:\/\/xcutpatterns.com\/fr\/faq\/#breadcrumblist"},"datePublished":"2020-10-14T07:19:13+00:00","dateModified":"2022-07-29T13:40:50+00:00"},{"@type":"WebSite","@id":"https:\/\/xcutpatterns.com\/fr\/#website","url":"https:\/\/xcutpatterns.com\/fr\/","name":"XCUT paint protection film precut patterns files","description":"PPF pre-cut Patterns","inLanguage":"fr-FR","publisher":{"@id":"https:\/\/xcutpatterns.com\/fr\/#organization"}}]},"og:locale":"fr_FR","og:site_name":"XCUT paint protection film precut patterns files - PPF pre-cut Patterns","og:type":"article","og:title":"FAQ - XCUT paint protection film precut patterns files","og:description":"Find Answers Below Frequently Asked Questions If you cannot find the answer below, please use the contact form or send us an email to info@xcutpatterns.com How can I try your cutting software ? we dont offer cutting sotware , We offer best solution to produce PAINT PROTECTION FILM Pre Cut Kit by using Precise precut","og:url":"https:\/\/xcutpatterns.com\/fr\/faq\/","article:published_time":"2020-10-14T07:19:13+00:00","article:modified_time":"2022-07-29T13:40:50+00:00","twitter:card":"summary_large_image","twitter:title":"FAQ - XCUT paint protection film precut patterns files","twitter:description":"Find Answers Below Frequently Asked Questions If you cannot find the answer below, please use the contact form or send us an email to info@xcutpatterns.com How can I try your cutting software ? we dont offer cutting sotware , We offer best solution to produce PAINT PROTECTION FILM Pre Cut Kit by using Precise precut"},"aioseo_meta_data":{"post_id":"321","title":null,"description":null,"keywords":null,"keyphrases":null,"primary_term":null,"canonical_url":null,"og_title":null,"og_description":null,"og_object_type":"default","og_image_type":"default","og_image_url":null,"og_image_width":null,"og_image_height":null,"og_image_custom_url":null,"og_image_custom_fields":null,"og_video":null,"og_custom_url":null,"og_article_section":null,"og_article_tags":null,"twitter_use_og":true,"twitter_card":"default","twitter_image_type":"default","twitter_image_url":null,"twitter_image_custom_url":null,"twitter_image_custom_fields":null,"twitter_title":null,"twitter_description":null,"schema":{"blockGraphs":[],"customGraphs":[],"default":{"data":{"Article":[],"Course":[],"Dataset":[],"FAQPage":[],"Movie":[],"Person":[],"Product":[],"ProductReview":[],"Car":[],"Recipe":[],"Service":[],"SoftwareApplication":[],"WebPage":[]},"graphName":"","isEnabled":true},"graphs":[]},"schema_type":"default","schema_type_options":null,"pillar_content":false,"robots_default":true,"robots_noindex":false,"robots_noarchive":false,"robots_nosnippet":false,"robots_nofollow":false,"robots_noimageindex":false,"robots_noodp":false,"robots_notranslate":false,"robots_max_snippet":null,"robots_max_videopreview":null,"robots_max_imagepreview":"large","priority":null,"frequency":null,"local_seo":null,"seo_analyzer_scan_date":"2025-08-14 22:03:17","breadcrumb_settings":null,"limit_modified_date":false,"reviewed_by":null,"open_ai":null,"ai":null,"created":"2025-08-14 22:03:17","updated":"2025-11-27 07:52:32"},"aioseo_breadcrumb":"<div class=\"aioseo-breadcrumbs\"><span class=\"aioseo-breadcrumb\">\n\t<a href=\"https:\/\/xcutpatterns.com\/fr\" title=\"Home\">Home<\/a>\n<\/span><span class=\"aioseo-breadcrumb-separator\">&raquo;<\/span><span class=\"aioseo-breadcrumb\">\n\tFAQ\n<\/span><\/div>","aioseo_breadcrumb_json":[{"label":"Home","link":"https:\/\/xcutpatterns.com\/fr"},{"label":"FAQ","link":"https:\/\/xcutpatterns.com\/fr\/faq\/"}],"_links":{"self":[{"href":"https:\/\/xcutpatterns.com\/fr\/wp-json\/wp\/v2\/pages\/321","targetHints":{"allow":["GET"]}}],"collection":[{"href":"https:\/\/xcutpatterns.com\/fr\/wp-json\/wp\/v2\/pages"}],"about":[{"href":"https:\/\/xcutpatterns.com\/fr\/wp-json\/wp\/v2\/types\/page"}],"author":[{"embeddable":true,"href":"https:\/\/xcutpatterns.com\/fr\/wp-json\/wp\/v2\/users\/1"}],"replies":[{"embeddable":true,"href":"https:\/\/xcutpatterns.com\/fr\/wp-json\/wp\/v2\/comments?post=321"}],"version-history":[{"count":0,"href":"https:\/\/xcutpatterns.com\/fr\/wp-json\/wp\/v2\/pages\/321\/revisions"}],"wp:attachment":[{"href":"https:\/\/xcutpatterns.com\/fr\/wp-json\/wp\/v2\/media?parent=321"}],"curies":[{"name":"wp","href":"https:\/\/api.w.org\/{rel}","templated":true}]}}