{"id":7964,"date":"2022-07-23T19:14:16","date_gmt":"2022-07-23T19:14:16","guid":{"rendered":"https:\/\/xcutpatterns.com\/?page_id=7964"},"modified":"2022-07-28T16:51:53","modified_gmt":"2022-07-28T16:51:53","slug":"nec%c9%99-isl%c9%99yir","status":"publish","type":"page","link":"https:\/\/xcutpatterns.com\/az\/nec%c9%99-isl%c9%99yir\/","title":{"rendered":"nec\u0259 i\u015fl\u0259yir?"},"content":{"rendered":"<div data-elementor-type=\"wp-page\" data-elementor-id=\"7964\" class=\"elementor elementor-7964\" data-elementor-post-type=\"page\">\n\t\t\t\t\t\t<section class=\"elementor-section elementor-top-section elementor-element elementor-element-d80921e elementor-section-boxed elementor-section-height-default elementor-section-height-default\" data-id=\"d80921e\" data-element_type=\"section\" data-e-type=\"section\">\n\t\t\t\t\t\t<div class=\"elementor-container elementor-column-gap-default\">\n\t\t\t\t\t<div class=\"elementor-column elementor-col-100 elementor-top-column elementor-element elementor-element-ee96aca\" data-id=\"ee96aca\" data-element_type=\"column\" data-e-type=\"column\" data-settings=\"{&quot;background_background&quot;:&quot;classic&quot;}\">\n\t\t\t<div class=\"elementor-widget-wrap elementor-element-populated\">\n\t\t\t\t\t\t<section class=\"elementor-section elementor-inner-section elementor-element elementor-element-62add36 elementor-section-boxed elementor-section-height-default elementor-section-height-default\" data-id=\"62add36\" data-element_type=\"section\" data-e-type=\"section\">\n\t\t\t\t\t\t<div class=\"elementor-container elementor-column-gap-default\">\n\t\t\t\t\t<div class=\"elementor-column elementor-col-33 elementor-inner-column elementor-element elementor-element-a7442d9 elementor-hidden-mobile\" data-id=\"a7442d9\" data-element_type=\"column\" data-e-type=\"column\">\n\t\t\t<div class=\"elementor-widget-wrap\">\n\t\t\t\t\t\t\t<\/div>\n\t\t<\/div>\n\t\t\t\t<div class=\"elementor-column elementor-col-33 elementor-inner-column elementor-element elementor-element-ac2416d\" data-id=\"ac2416d\" data-element_type=\"column\" data-e-type=\"column\" data-settings=\"{&quot;background_background&quot;:&quot;classic&quot;}\">\n\t\t\t<div class=\"elementor-widget-wrap elementor-element-populated\">\n\t\t\t\t\t\t<div class=\"elementor-element elementor-element-1b649cc elementor-widget elementor-widget-ova_heading\" data-id=\"1b649cc\" data-element_type=\"widget\" data-e-type=\"widget\" data-widget_type=\"ova_heading.default\">\n\t\t\t\t<div class=\"elementor-widget-container\">\n\t\t\t\t\t\t\t<div class=\"ova-heading\">\n\n\t\t\t\t\t\t\t<h4 class=\"sub_title second_font\">Nec\u0259 i\u015fl\u0259yir?<\/h4>\n\t\t\t\t\t\t\n\t\t\t\n\t\t\t\n\t\t<\/div>\n\t\t\t\t\t\t<\/div>\n\t\t\t\t<\/div>\n\t\t\t\t<div class=\"elementor-element elementor-element-e9991ee elementor-widget elementor-widget-text-editor\" data-id=\"e9991ee\" data-element_type=\"widget\" data-e-type=\"widget\" data-widget_type=\"text-editor.default\">\n\t\t\t\t<div class=\"elementor-widget-container\">\n\t\t\t\t\t\t\t\t\t<p><img fetchpriority=\"high\" decoding=\"async\" class=\"wp-image-9429  alignright\" src=\"https:\/\/xcutpatterns.com\/wp-content\/uploads\/2020\/11\/Artboard-1-copy-1-300x300.png\" alt=\"\" width=\"262\" height=\"262\" \/>K\u0259sm\u0259 proqram\u0131ndan f\u0259rqli olaraq biz Ai, Cdr, Eps, Plt v\u0259 s. kimi r\u0259q\u0259msal faylda \u0259vv\u0259lc\u0259d\u0259n k\u0259silmi\u015f PPF nax\u0131\u015flar\u0131n\u0131 sat\u0131r\u0131q.<br \/>Bel\u0259likl\u0259, siz ist\u0259nil\u0259n k\u0259sici plotter modelind\u0259 nax\u0131\u015f\u0131 \u00f6m\u00fcrl\u00fck saxlaya bil\u0259c\u0259ksiniz v\u0259 ist\u0259diyiniz vaxt v\u0259 internet\u0259 ehtiyac olmadan istifad\u0259 ed\u0259 bil\u0259rsiniz, h\u0259m\u00e7inin ona asanl\u0131qla d\u00fcz\u0259li\u015fl\u0259r ed\u0259 bil\u0259rsiniz.<\/p><p>X\u00fcsusi bir PPF \u0259vv\u0259lc\u0259d\u0259n k\u0259silmi\u015f n\u00fcmun\u0259l\u0259ri almaq \u00fc\u00e7\u00fcn bu add\u0131mlar\u0131 izl\u0259yin:<\/p><p>-Sifari\u015f etm\u0259k ist\u0259diyiniz nax\u0131\u015flar v\u0259 hans\u0131 paket n\u00f6v\u00fc il\u0259 ba\u011fl\u0131 biziml\u0259 \u0259laq\u0259 saxlay\u0131n<\/p><p>1- Qism\u0259n \u00f6n paket<br \/>2- tam \u00f6n paket<br \/>3- tam xarici paket<br \/>4- P\u0259nc\u0259r\u0259 r\u0259ngi paketi<br \/>5- Daxili Paket<\/p><p>\u2013 k\u0259sici plotter modelinizi v\u0259 Adobe Illustrator, CorelDRAW, SignMaster, \u0259vv\u0259lc\u0259d\u0259n k\u0259silmi\u015f proqram kimi h\u0259r hans\u0131 k\u0259sici proqramdan istifad\u0259 edirsinizs\u0259, biz\u0259 bildirin.<br \/>- z\u0259hm\u0259t olmasa avtomobilin markas\u0131n\u0131, ilini, modelini, alt modelini v\u0259 ma\u015f\u0131n\u0131n \u015f\u0259klini payla\u015f\u0131n<br \/>-Stil qiym\u0259ti v\u0259 m\u00f6vcud \u00f6d\u0259ni\u015f \u00fcsullar\u0131 il\u0259 siz\u0259 cavab ver\u0259c\u0259yik<br \/>-\u00d6d\u0259ni\u015fd\u0259n sonra 24 saat \u0259rzind\u0259 fayl\u0131 alacaqs\u0131n\u0131z<\/p>\t\t\t\t\t\t\t\t<\/div>\n\t\t\t\t<\/div>\n\t\t\t\t\t<\/div>\n\t\t<\/div>\n\t\t\t\t<div class=\"elementor-column elementor-col-33 elementor-inner-column elementor-element elementor-element-7b34f8e elementor-hidden-mobile\" data-id=\"7b34f8e\" data-element_type=\"column\" data-e-type=\"column\">\n\t\t\t<div class=\"elementor-widget-wrap\">\n\t\t\t\t\t\t\t<\/div>\n\t\t<\/div>\n\t\t\t\t\t<\/div>\n\t\t<\/section>\n\t\t\t\t\t<\/div>\n\t\t<\/div>\n\t\t\t\t\t<\/div>\n\t\t<\/section>\n\t\t\t\t<\/div>","protected":false},"excerpt":{"rendered":"<p>How its Work ? Unlike cutting sofware we sell pre cut PPF patterns in Digital file in such as Ai , Cdr, Eps ,Plt,Etc..In this way, you will be able to keep the pattern for life in any cutting plotter model and you can use it at any time and without the need for the [&hellip;]<\/p>\n","protected":false},"author":1,"featured_media":0,"parent":0,"menu_order":0,"comment_status":"closed","ping_status":"closed","template":"","meta":{"om_disable_all_campaigns":false,"_monsterinsights_skip_tracking":false,"_monsterinsights_sitenote_active":false,"_monsterinsights_sitenote_note":"","_monsterinsights_sitenote_category":0,"footnotes":""},"class_list":["post-7964","page","type-page","status-publish","hentry"],"aioseo_notices":[],"aioseo_head":"\n\t\t<!-- All in One SEO Pro 4.9.6.1 - aioseo.com -->\n\t<meta name=\"description\" content=\"How its Work ? Unlike cutting sofware we sell pre cut PPF patterns in Digital file in such as Ai , Cdr, Eps ,Plt,Etc..In this way, you will be able to keep the pattern for life in any cutting plotter model and you can use it at any time and without the need for the\" \/>\n\t<meta name=\"robots\" content=\"max-image-preview:large\" \/>\n\t<link rel=\"canonical\" href=\"https:\/\/xcutpatterns.com\/az\/nec%c9%99-isl%c9%99yir\/\" \/>\n\t<meta name=\"generator\" content=\"All in One SEO Pro (AIOSEO) 4.9.6.1\" \/>\n\t\t<meta property=\"og:locale\" content=\"az_AZ\" \/>\n\t\t<meta property=\"og:site_name\" content=\"XCUT paint protection film precut patterns files - PPF pre-cut Patterns\" \/>\n\t\t<meta property=\"og:type\" content=\"article\" \/>\n\t\t<meta property=\"og:title\" content=\"how its work ? - XCUT paint protection film precut patterns files\" \/>\n\t\t<meta property=\"og:description\" content=\"How its Work ? Unlike cutting sofware we sell pre cut PPF patterns in Digital file in such as Ai , Cdr, Eps ,Plt,Etc..In this way, you will be able to keep the pattern for life in any cutting plotter model and you can use it at any time and without the need for the\" \/>\n\t\t<meta property=\"og:url\" content=\"https:\/\/xcutpatterns.com\/az\/nec%c9%99-isl%c9%99yir\/\" \/>\n\t\t<meta property=\"article:published_time\" content=\"2022-07-23T19:14:16+00:00\" \/>\n\t\t<meta property=\"article:modified_time\" content=\"2022-07-28T16:51:53+00:00\" \/>\n\t\t<meta name=\"twitter:card\" content=\"summary_large_image\" \/>\n\t\t<meta name=\"twitter:title\" content=\"how its work ? - XCUT paint protection film precut patterns files\" \/>\n\t\t<meta name=\"twitter:description\" content=\"How its Work ? Unlike cutting sofware we sell pre cut PPF patterns in Digital file in such as Ai , Cdr, Eps ,Plt,Etc..In this way, you will be able to keep the pattern for life in any cutting plotter model and you can use it at any time and without the need for the\" \/>\n\t\t<script type=\"application\/ld+json\" class=\"aioseo-schema\">\n\t\t\t{\"@context\":\"https:\\\/\\\/schema.org\",\"@graph\":[{\"@type\":\"BreadcrumbList\",\"@id\":\"https:\\\/\\\/xcutpatterns.com\\\/az\\\/nec%c9%99-isl%c9%99yir\\\/#breadcrumblist\",\"itemListElement\":[{\"@type\":\"ListItem\",\"@id\":\"https:\\\/\\\/xcutpatterns.com\\\/az#listItem\",\"position\":1,\"name\":\"Home\",\"item\":\"https:\\\/\\\/xcutpatterns.com\\\/az\",\"nextItem\":{\"@type\":\"ListItem\",\"@id\":\"https:\\\/\\\/xcutpatterns.com\\\/az\\\/nec%c9%99-isl%c9%99yir\\\/#listItem\",\"name\":\"how its work ?\"}},{\"@type\":\"ListItem\",\"@id\":\"https:\\\/\\\/xcutpatterns.com\\\/az\\\/nec%c9%99-isl%c9%99yir\\\/#listItem\",\"position\":2,\"name\":\"how its work ?\",\"previousItem\":{\"@type\":\"ListItem\",\"@id\":\"https:\\\/\\\/xcutpatterns.com\\\/az#listItem\",\"name\":\"Home\"}}]},{\"@type\":\"Organization\",\"@id\":\"https:\\\/\\\/xcutpatterns.com\\\/az\\\/#organization\",\"name\":\"XCUT paint protection film precut patterns files\",\"description\":\"PPF pre-cut Patterns\",\"url\":\"https:\\\/\\\/xcutpatterns.com\\\/az\\\/\"},{\"@type\":\"WebPage\",\"@id\":\"https:\\\/\\\/xcutpatterns.com\\\/az\\\/nec%c9%99-isl%c9%99yir\\\/#webpage\",\"url\":\"https:\\\/\\\/xcutpatterns.com\\\/az\\\/nec%c9%99-isl%c9%99yir\\\/\",\"name\":\"how its work ? - XCUT paint protection film precut patterns files\",\"description\":\"How its Work ? Unlike cutting sofware we sell pre cut PPF patterns in Digital file in such as Ai , Cdr, Eps ,Plt,Etc..In this way, you will be able to keep the pattern for life in any cutting plotter model and you can use it at any time and without the need for the\",\"inLanguage\":\"az\",\"isPartOf\":{\"@id\":\"https:\\\/\\\/xcutpatterns.com\\\/az\\\/#website\"},\"breadcrumb\":{\"@id\":\"https:\\\/\\\/xcutpatterns.com\\\/az\\\/nec%c9%99-isl%c9%99yir\\\/#breadcrumblist\"},\"datePublished\":\"2022-07-23T19:14:16+00:00\",\"dateModified\":\"2022-07-28T16:51:53+00:00\"},{\"@type\":\"WebSite\",\"@id\":\"https:\\\/\\\/xcutpatterns.com\\\/az\\\/#website\",\"url\":\"https:\\\/\\\/xcutpatterns.com\\\/az\\\/\",\"name\":\"XCUT paint protection film precut patterns files\",\"description\":\"PPF pre-cut Patterns\",\"inLanguage\":\"az\",\"publisher\":{\"@id\":\"https:\\\/\\\/xcutpatterns.com\\\/az\\\/#organization\"}}]}\n\t\t<\/script>\n\t\t<!-- All in One SEO Pro -->\r\n\t\t<title>how its work ? - XCUT paint protection film precut patterns files<\/title>\n\n","aioseo_head_json":{"title":"how its work ? - XCUT paint protection film precut patterns files","description":"How its Work ? Unlike cutting sofware we sell pre cut PPF patterns in Digital file in such as Ai , Cdr, Eps ,Plt,Etc..In this way, you will be able to keep the pattern for life in any cutting plotter model and you can use it at any time and without the need for the","canonical_url":"https:\/\/xcutpatterns.com\/az\/nec%c9%99-isl%c9%99yir\/","robots":"max-image-preview:large","keywords":"","webmasterTools":{"miscellaneous":""},"schema":{"@context":"https:\/\/schema.org","@graph":[{"@type":"BreadcrumbList","@id":"https:\/\/xcutpatterns.com\/az\/nec%c9%99-isl%c9%99yir\/#breadcrumblist","itemListElement":[{"@type":"ListItem","@id":"https:\/\/xcutpatterns.com\/az#listItem","position":1,"name":"Home","item":"https:\/\/xcutpatterns.com\/az","nextItem":{"@type":"ListItem","@id":"https:\/\/xcutpatterns.com\/az\/nec%c9%99-isl%c9%99yir\/#listItem","name":"how its work ?"}},{"@type":"ListItem","@id":"https:\/\/xcutpatterns.com\/az\/nec%c9%99-isl%c9%99yir\/#listItem","position":2,"name":"how its work ?","previousItem":{"@type":"ListItem","@id":"https:\/\/xcutpatterns.com\/az#listItem","name":"Home"}}]},{"@type":"Organization","@id":"https:\/\/xcutpatterns.com\/az\/#organization","name":"XCUT paint protection film precut patterns files","description":"PPF pre-cut Patterns","url":"https:\/\/xcutpatterns.com\/az\/"},{"@type":"WebPage","@id":"https:\/\/xcutpatterns.com\/az\/nec%c9%99-isl%c9%99yir\/#webpage","url":"https:\/\/xcutpatterns.com\/az\/nec%c9%99-isl%c9%99yir\/","name":"how its work ? - XCUT paint protection film precut patterns files","description":"How its Work ? Unlike cutting sofware we sell pre cut PPF patterns in Digital file in such as Ai , Cdr, Eps ,Plt,Etc..In this way, you will be able to keep the pattern for life in any cutting plotter model and you can use it at any time and without the need for the","inLanguage":"az","isPartOf":{"@id":"https:\/\/xcutpatterns.com\/az\/#website"},"breadcrumb":{"@id":"https:\/\/xcutpatterns.com\/az\/nec%c9%99-isl%c9%99yir\/#breadcrumblist"},"datePublished":"2022-07-23T19:14:16+00:00","dateModified":"2022-07-28T16:51:53+00:00"},{"@type":"WebSite","@id":"https:\/\/xcutpatterns.com\/az\/#website","url":"https:\/\/xcutpatterns.com\/az\/","name":"XCUT paint protection film precut patterns files","description":"PPF pre-cut Patterns","inLanguage":"az","publisher":{"@id":"https:\/\/xcutpatterns.com\/az\/#organization"}}]},"og:locale":"az_AZ","og:site_name":"XCUT paint protection film precut patterns files - PPF pre-cut Patterns","og:type":"article","og:title":"how its work ? - XCUT paint protection film precut patterns files","og:description":"How its Work ? Unlike cutting sofware we sell pre cut PPF patterns in Digital file in such as Ai , Cdr, Eps ,Plt,Etc..In this way, you will be able to keep the pattern for life in any cutting plotter model and you can use it at any time and without the need for the","og:url":"https:\/\/xcutpatterns.com\/az\/nec%c9%99-isl%c9%99yir\/","article:published_time":"2022-07-23T19:14:16+00:00","article:modified_time":"2022-07-28T16:51:53+00:00","twitter:card":"summary_large_image","twitter:title":"how its work ? - XCUT paint protection film precut patterns files","twitter:description":"How its Work ? Unlike cutting sofware we sell pre cut PPF patterns in Digital file in such as Ai , Cdr, Eps ,Plt,Etc..In this way, you will be able to keep the pattern for life in any cutting plotter model and you can use it at any time and without the need for the"},"aioseo_meta_data":{"post_id":"7964","title":null,"description":null,"keywords":null,"keyphrases":null,"primary_term":null,"canonical_url":null,"og_title":null,"og_description":null,"og_object_type":"default","og_image_type":"default","og_image_url":null,"og_image_width":null,"og_image_height":null,"og_image_custom_url":null,"og_image_custom_fields":null,"og_video":null,"og_custom_url":null,"og_article_section":null,"og_article_tags":null,"twitter_use_og":true,"twitter_card":"default","twitter_image_type":"default","twitter_image_url":null,"twitter_image_custom_url":null,"twitter_image_custom_fields":null,"twitter_title":null,"twitter_description":null,"schema":{"blockGraphs":[],"customGraphs":[],"default":{"data":{"Article":[],"Course":[],"Dataset":[],"FAQPage":[],"Movie":[],"Person":[],"Product":[],"ProductReview":[],"Car":[],"Recipe":[],"Service":[],"SoftwareApplication":[],"WebPage":[]},"graphName":"","isEnabled":true},"graphs":[]},"schema_type":"default","schema_type_options":null,"pillar_content":false,"robots_default":true,"robots_noindex":false,"robots_noarchive":false,"robots_nosnippet":false,"robots_nofollow":false,"robots_noimageindex":false,"robots_noodp":false,"robots_notranslate":false,"robots_max_snippet":null,"robots_max_videopreview":null,"robots_max_imagepreview":"large","priority":null,"frequency":null,"local_seo":null,"seo_analyzer_scan_date":"2025-08-14 22:07:18","breadcrumb_settings":null,"limit_modified_date":false,"reviewed_by":null,"open_ai":null,"ai":null,"created":"2025-08-14 22:07:18","updated":"2025-11-27 07:54:09"},"aioseo_breadcrumb":"<div class=\"aioseo-breadcrumbs\"><span class=\"aioseo-breadcrumb\">\n\t<a href=\"https:\/\/xcutpatterns.com\/az\" title=\"Home\">Home<\/a>\n<\/span><span class=\"aioseo-breadcrumb-separator\">&raquo;<\/span><span class=\"aioseo-breadcrumb\">\n\thow its work ?\n<\/span><\/div>","aioseo_breadcrumb_json":[{"label":"Home","link":"https:\/\/xcutpatterns.com\/az"},{"label":"how its work ?","link":"https:\/\/xcutpatterns.com\/az\/nec%c9%99-isl%c9%99yir\/"}],"_links":{"self":[{"href":"https:\/\/xcutpatterns.com\/az\/wp-json\/wp\/v2\/pages\/7964","targetHints":{"allow":["GET"]}}],"collection":[{"href":"https:\/\/xcutpatterns.com\/az\/wp-json\/wp\/v2\/pages"}],"about":[{"href":"https:\/\/xcutpatterns.com\/az\/wp-json\/wp\/v2\/types\/page"}],"author":[{"embeddable":true,"href":"https:\/\/xcutpatterns.com\/az\/wp-json\/wp\/v2\/users\/1"}],"replies":[{"embeddable":true,"href":"https:\/\/xcutpatterns.com\/az\/wp-json\/wp\/v2\/comments?post=7964"}],"version-history":[{"count":0,"href":"https:\/\/xcutpatterns.com\/az\/wp-json\/wp\/v2\/pages\/7964\/revisions"}],"wp:attachment":[{"href":"https:\/\/xcutpatterns.com\/az\/wp-json\/wp\/v2\/media?parent=7964"}],"curies":[{"name":"wp","href":"https:\/\/api.w.org\/{rel}","templated":true}]}}